{"id":35,"date":"2022-07-18T11:19:45","date_gmt":"2022-07-18T15:19:45","guid":{"rendered":"http:\/\/150.150.150.190\/?page_id=35"},"modified":"2022-12-07T12:13:31","modified_gmt":"2022-12-07T17:13:31","slug":"glossary-of-terms","status":"publish","type":"page","link":"https:\/\/www.tussoundinsulation.com\/es\/glossary-of-terms\/","title":{"rendered":"Glosario de T\u00e9rminos"},"content":{"rendered":"<h1><strong>Glosario de T\u00e9rminos<\/strong><\/h1>\n<p>&nbsp;<\/p>\n<p><b>Ac\u00fastica: <\/b><span style=\"font-weight: 400;\">Condiciones o productos relacionados con la audici\u00f3n, el ruido o sonido.<\/span><\/p>\n<p><b>Servidumbre de Navegaci\u00f3n A\u00e9rea: <\/b><span style=\"font-weight: 400;\">La Servidumbre de Navegaci\u00f3n A\u00e9rea otorga el uso del espacio a\u00e9reo; el derecho de sobrevuelo libre, sin restricciones y sin obst\u00e1culos, y los efectos que resultan del sobrevuelo de aeronaves, aeronaves que despeguen y\/o aterricen en el TUS. La servidumbre se ejecutar\u00e1 a perpetuidad con la propiedad.<\/span><\/p>\n<p><b>Niveles Diurnos-Nocturnos (en ingl\u00e9s: Day-Night Level, DNL):<\/b><span style=\"font-weight: 400;\">Nivel medio de ruido anual que representa el nivel de ruido por un per\u00edodo de 24 horas, teniendo en cuenta los per\u00edodos de silencio, as\u00ed como los sobrevuelos de aeronaves. Los vuelos que ocurren despu\u00e9s de las 10:00 p.m. y antes de las 7:00 a.m., reciben una penalizaci\u00f3n de 10 dB. Los contornos de exposici\u00f3n al ruido de DNL en vecindarios residenciales afectados son de 75 DNL a 65 DNL.<\/span> <span style=\"font-weight: 400;\">7AM, these events receive a 10 dB penalty.\u00a0 The DNL noise exposure contours in the affected residential neighborhoods are 75 DNL to 65 DNL.\u00a0<\/span><\/p>\n<p><b>Decibeles (dB, por sus siglas en ingl\u00e9s): <\/b><span style=\"font-weight: 400;\">Unidad de medida de la vibraci\u00f3n (ruido bajo o silbido alto) y la fuerza (suave o fuerte) de ondas sonoras. Entre mayor sea el nivel de decibeles (vibraci\u00f3n y fuerza), el ruido ser\u00e1 m\u00e1s fuerte. La mayor parte del ruido que experimentamos en nuestras vidas cotidianas var\u00eda entre 30 dB (en una rec\u00e1mara t\u00edpica por la noche) y 100 dB (dentro de un club nocturno).<\/span><\/p>\n<p><b>Elegibilidad: <\/b><span style=\"font-weight: 400;\">Califica para participar en el Programa de Aislamiento Ac\u00fastico por tener una casa ubicada en \u00e1reas designadas de tratamiento y con un nivel de ruido interior existente que cumple con las pautas de FAA.<\/span><\/p>\n<p><b>Administraci\u00f3n Federal de Aviaci\u00f3n (FAA):<\/b><span style=\"font-weight: 400;\"> Rama del gobierno federal que proporciona fondos y supervisi\u00f3n al proyecto del Programa de Aislamiento Ac\u00fastico.<\/span><\/p>\n<p><b>Acuerdo del Propietario:<\/b><span style=\"font-weight: 400;\">Un acuerdo entre un propietario y la Autoridad Aeroportuaria de Tucson que autoriza la instalaci\u00f3n de tratamientos espec\u00edficos de aislamiento ac\u00fastico en una propiedad residencial determinada.<\/span><\/p>\n<p><b>Aeropuerto Internacional de Tucson (TUS):<\/b><span style=\"font-weight: 400;\">El aeropuerto es administrado y operado por la Autoridad Aeroportuaria de Tucson e incluye el patrocinio de un Programa de Aislamiento Ac\u00fastico Residencial.<\/span><\/p>\n<p><b>Reducci\u00f3n del Nivel de Ruido (NLR):<\/b><span style=\"font-weight: 400;\">La reducci\u00f3n del nivel de ruido se mide en decibeles y se define como un valor num\u00e9rico constante entre el nivel de ruido interior y el nivel de ruido exterior. Esta medici\u00f3n se toma antes y despu\u00e9s de los tratamientos ac\u00fasticos para determinar el mejoramiento general de la reducci\u00f3n del nivel de ruido. Este valor se utilizar\u00e1 para comparar los niveles de ruido interior en la casa despu\u00e9s de la construcci\u00f3n seg\u00fan el objetivo de FAA de menos de 45 DNL (niveles diurnos \u2013 nocturnos).<\/span><\/p>\n<p><b>Trayectorias de Ruido: <\/b><span style=\"font-weight: 400;\">\u00c1reas por donde el ruido ambiental puede viajar desde el exterior a trav\u00e9s de la construcci\u00f3n de la casa, con mayor flujo mediante puertas, ventanas, conductos de ventilaci\u00f3n y\/o montajes de pared y techos de construcci\u00f3n ligera.<\/span><\/p>\n<p><b>Lista de Trabajos Pendientes: <\/b><span style=\"font-weight: 400;\">Una lista de \"tareas pendientes\" realizada casi al finalizar el trabajo de la construcci\u00f3n que indica los elementos a\u00fan no terminados, o que no cumplen con los requisitos de calidad especificados en el \u00e1mbito de trabajo. La Lista de Trabajos Pendientes debe cumplirse antes de finalizar al 100%.<\/span><\/p>\n<p><b>Equipo del Programa: <\/b><span style=\"font-weight: 400;\">Personal del programa de gerentes, arquitectos e ingenieros que ir\u00e1n a cada casa a recopilar informaci\u00f3n y hacer recomendaciones de tratamiento.<\/span><\/p>\n<p><b>RSIP: <\/b><span style=\"font-weight: 400;\">Proyecto de Aislamiento Ac\u00fastico Residencial<\/span><\/p>\n<p><b>Aislamiento: <\/b><span style=\"font-weight: 400;\">La aplicaci\u00f3n del aislamiento ac\u00fastico residencial puede incluir parcial o totalmente lo siguiente: reemplazo o suplemento de ventanas y puertas; instalaci\u00f3n de aislamiento en el \u00e1tico; calafateo; y sellado. Este es un programa voluntario. Los propietarios pueden negarse a participar. <\/span><\/p>","protected":false},"excerpt":{"rendered":"<p>Glossary of Terms &nbsp; Acoustical: Conditions or products related to hearing, noise or sound. Avigation Easement: The Avigation Easement will grant the use of airspace; the right of free, unrestricted, and unobstructed overflight, and the effects that may result from the over-flight of aircraft, aircraft taking off and\/or landing at TUS. The easement will run [&hellip;]<\/p>","protected":false},"author":1,"featured_media":0,"parent":0,"menu_order":0,"comment_status":"closed","ping_status":"closed","template":"","meta":{"_monsterinsights_skip_tracking":false,"_monsterinsights_sitenote_active":false,"_monsterinsights_sitenote_note":"","_monsterinsights_sitenote_category":0,"footnotes":""},"class_list":["post-35","page","type-page","status-publish","hentry"],"yoast_head":"<!-- This site is optimized with the Yoast SEO plugin v26.9 - https:\/\/yoast.com\/product\/yoast-seo-wordpress\/ -->\n<title>Glossary of Terms - TUS Sound Insulation Project<\/title>\n<meta name=\"robots\" content=\"index, follow, max-snippet:-1, max-image-preview:large, max-video-preview:-1\" \/>\n<link rel=\"canonical\" href=\"https:\/\/tussoundinsulation.com\/glossary-of-terms\/\" \/>\n<meta property=\"og:locale\" content=\"es_MX\" \/>\n<meta property=\"og:type\" content=\"article\" \/>\n<meta property=\"og:title\" content=\"Glossary of Terms - TUS Sound Insulation Project\" \/>\n<meta property=\"og:description\" content=\"Glossary of Terms &nbsp; Acoustical: Conditions or products related to hearing, noise or sound. Avigation Easement: The Avigation Easement will grant the use of airspace; the right of free, unrestricted, and unobstructed overflight, and the effects that may result from the over-flight of aircraft, aircraft taking off and\/or landing at TUS. The easement will run [&hellip;]\" \/>\n<meta property=\"og:url\" content=\"https:\/\/tussoundinsulation.com\/glossary-of-terms\/\" \/>\n<meta property=\"og:site_name\" content=\"TUS Sound Insulation Project\" \/>\n<meta property=\"article:modified_time\" content=\"2022-12-07T17:13:31+00:00\" \/>\n<meta name=\"twitter:card\" content=\"summary_large_image\" \/>\n<meta name=\"twitter:label1\" content=\"Tiempo de lectura\" \/>\n\t<meta name=\"twitter:data1\" content=\"2 minutos\" \/>\n<script type=\"application\/ld+json\" class=\"yoast-schema-graph\">{\"@context\":\"https:\/\/schema.org\",\"@graph\":[{\"@type\":\"WebPage\",\"@id\":\"https:\/\/tussoundinsulation.com\/glossary-of-terms\/\",\"url\":\"https:\/\/tussoundinsulation.com\/glossary-of-terms\/\",\"name\":\"Glossary of Terms - TUS Sound Insulation Project\",\"isPartOf\":{\"@id\":\"http:\/\/50.200.101.204:80\/#website\"},\"datePublished\":\"2022-07-18T15:19:45+00:00\",\"dateModified\":\"2022-12-07T17:13:31+00:00\",\"breadcrumb\":{\"@id\":\"https:\/\/tussoundinsulation.com\/glossary-of-terms\/#breadcrumb\"},\"inLanguage\":\"es\",\"potentialAction\":[{\"@type\":\"ReadAction\",\"target\":[\"https:\/\/tussoundinsulation.com\/glossary-of-terms\/\"]}]},{\"@type\":\"BreadcrumbList\",\"@id\":\"https:\/\/tussoundinsulation.com\/glossary-of-terms\/#breadcrumb\",\"itemListElement\":[{\"@type\":\"ListItem\",\"position\":1,\"name\":\"Home\",\"item\":\"https:\/\/www.tussoundinsulation.com\/\"},{\"@type\":\"ListItem\",\"position\":2,\"name\":\"Glossary of Terms\"}]},{\"@type\":\"WebSite\",\"@id\":\"http:\/\/50.200.101.204:80\/#website\",\"url\":\"http:\/\/50.200.101.204:80\/\",\"name\":\"TUS Sound Insulation Project\",\"description\":\"\",\"publisher\":{\"@id\":\"http:\/\/50.200.101.204:80\/#organization\"},\"potentialAction\":[{\"@type\":\"SearchAction\",\"target\":{\"@type\":\"EntryPoint\",\"urlTemplate\":\"http:\/\/50.200.101.204:80\/?s={search_term_string}\"},\"query-input\":{\"@type\":\"PropertyValueSpecification\",\"valueRequired\":true,\"valueName\":\"search_term_string\"}}],\"inLanguage\":\"es\"},{\"@type\":\"Organization\",\"@id\":\"http:\/\/50.200.101.204:80\/#organization\",\"name\":\"TUS Sound Insulation Project\",\"url\":\"http:\/\/50.200.101.204:80\/\",\"logo\":{\"@type\":\"ImageObject\",\"inLanguage\":\"es\",\"@id\":\"http:\/\/50.200.101.204:80\/#\/schema\/logo\/image\/\",\"url\":\"http:\/\/150.150.150.190\/wp-content\/uploads\/2022\/07\/TAALogo.jpg\",\"contentUrl\":\"http:\/\/150.150.150.190\/wp-content\/uploads\/2022\/07\/TAALogo.jpg\",\"width\":248,\"height\":141,\"caption\":\"TUS Sound Insulation Project\"},\"image\":{\"@id\":\"http:\/\/50.200.101.204:80\/#\/schema\/logo\/image\/\"}}]}<\/script>\n<!-- \/ Yoast SEO plugin. -->","yoast_head_json":{"title":"Glossary of Terms - TUS Sound Insulation Project","robots":{"index":"index","follow":"follow","max-snippet":"max-snippet:-1","max-image-preview":"max-image-preview:large","max-video-preview":"max-video-preview:-1"},"canonical":"https:\/\/tussoundinsulation.com\/glossary-of-terms\/","og_locale":"es_MX","og_type":"article","og_title":"Glossary of Terms - TUS Sound Insulation Project","og_description":"Glossary of Terms &nbsp; Acoustical: Conditions or products related to hearing, noise or sound. Avigation Easement: The Avigation Easement will grant the use of airspace; the right of free, unrestricted, and unobstructed overflight, and the effects that may result from the over-flight of aircraft, aircraft taking off and\/or landing at TUS. The easement will run [&hellip;]","og_url":"https:\/\/tussoundinsulation.com\/glossary-of-terms\/","og_site_name":"TUS Sound Insulation Project","article_modified_time":"2022-12-07T17:13:31+00:00","twitter_card":"summary_large_image","twitter_misc":{"Tiempo de lectura":"2 minutos"},"schema":{"@context":"https:\/\/schema.org","@graph":[{"@type":"WebPage","@id":"https:\/\/tussoundinsulation.com\/glossary-of-terms\/","url":"https:\/\/tussoundinsulation.com\/glossary-of-terms\/","name":"Glossary of Terms - TUS Sound Insulation Project","isPartOf":{"@id":"http:\/\/50.200.101.204:80\/#website"},"datePublished":"2022-07-18T15:19:45+00:00","dateModified":"2022-12-07T17:13:31+00:00","breadcrumb":{"@id":"https:\/\/tussoundinsulation.com\/glossary-of-terms\/#breadcrumb"},"inLanguage":"es","potentialAction":[{"@type":"ReadAction","target":["https:\/\/tussoundinsulation.com\/glossary-of-terms\/"]}]},{"@type":"BreadcrumbList","@id":"https:\/\/tussoundinsulation.com\/glossary-of-terms\/#breadcrumb","itemListElement":[{"@type":"ListItem","position":1,"name":"Home","item":"https:\/\/www.tussoundinsulation.com\/"},{"@type":"ListItem","position":2,"name":"Glossary of Terms"}]},{"@type":"WebSite","@id":"http:\/\/50.200.101.204:80\/#website","url":"http:\/\/50.200.101.204:80\/","name":"TUS Sound Insulation Project","description":"","publisher":{"@id":"http:\/\/50.200.101.204:80\/#organization"},"potentialAction":[{"@type":"SearchAction","target":{"@type":"EntryPoint","urlTemplate":"http:\/\/50.200.101.204:80\/?s={search_term_string}"},"query-input":{"@type":"PropertyValueSpecification","valueRequired":true,"valueName":"search_term_string"}}],"inLanguage":"es"},{"@type":"Organization","@id":"http:\/\/50.200.101.204:80\/#organization","name":"TUS Sound Insulation Project","url":"http:\/\/50.200.101.204:80\/","logo":{"@type":"ImageObject","inLanguage":"es","@id":"http:\/\/50.200.101.204:80\/#\/schema\/logo\/image\/","url":"http:\/\/150.150.150.190\/wp-content\/uploads\/2022\/07\/TAALogo.jpg","contentUrl":"http:\/\/150.150.150.190\/wp-content\/uploads\/2022\/07\/TAALogo.jpg","width":248,"height":141,"caption":"TUS Sound Insulation Project"},"image":{"@id":"http:\/\/50.200.101.204:80\/#\/schema\/logo\/image\/"}}]}},"_links":{"self":[{"href":"https:\/\/www.tussoundinsulation.com\/es\/wp-json\/wp\/v2\/pages\/35","targetHints":{"allow":["GET"]}}],"collection":[{"href":"https:\/\/www.tussoundinsulation.com\/es\/wp-json\/wp\/v2\/pages"}],"about":[{"href":"https:\/\/www.tussoundinsulation.com\/es\/wp-json\/wp\/v2\/types\/page"}],"author":[{"embeddable":true,"href":"https:\/\/www.tussoundinsulation.com\/es\/wp-json\/wp\/v2\/users\/1"}],"replies":[{"embeddable":true,"href":"https:\/\/www.tussoundinsulation.com\/es\/wp-json\/wp\/v2\/comments?post=35"}],"version-history":[{"count":8,"href":"https:\/\/www.tussoundinsulation.com\/es\/wp-json\/wp\/v2\/pages\/35\/revisions"}],"predecessor-version":[{"id":385,"href":"https:\/\/www.tussoundinsulation.com\/es\/wp-json\/wp\/v2\/pages\/35\/revisions\/385"}],"wp:attachment":[{"href":"https:\/\/www.tussoundinsulation.com\/es\/wp-json\/wp\/v2\/media?parent=35"}],"curies":[{"name":"wp","href":"https:\/\/api.w.org\/{rel}","templated":true}]}}