{"id":26,"date":"2022-07-18T11:16:48","date_gmt":"2022-07-18T15:16:48","guid":{"rendered":"http:\/\/150.150.150.190\/?page_id=26"},"modified":"2022-12-05T14:31:59","modified_gmt":"2022-12-05T19:31:59","slug":"process","status":"publish","type":"page","link":"https:\/\/www.tussoundinsulation.com\/es\/process\/","title":{"rendered":"PROCESO"},"content":{"rendered":"<h1><strong>PROCESO<\/strong><\/h1>\n<p><img loading=\"lazy\" decoding=\"async\" class=\"alignnone wp-image-340\" src=\"\/wp-content\/uploads\/2022\/12\/Noise-Process-Graphic-ES-scaled.jpg\" alt=\"\" width=\"681\" height=\"372\" srcset=\"\" sizes=\"auto, (max-width: 681px) 100vw, 681px\" data-srcset=\"\" \/><\/p>\n<h2><strong>ACERCA DEL PROCESO DE AISLAMIENTO AC\u00daSTICO<\/strong><\/h2>\n<p>&nbsp;<\/p>\n<p><strong>PASO 1 \u2013 Notificaci\u00f3n de Elegibilidad del Programa<\/strong><\/p>\n<p>Seg\u00fan las pautas del programa, el equipo del RSIP notificar\u00e1 al propietario por escrito que la casa es elegible y ha sido seleccionada para participar en el RSIP del TUS.<\/p>\n<p><strong>PASO 2 \u2013 Pruebas Ac\u00fasticas Previas a la Construcci\u00f3n<\/strong><\/p>\n<p>Utilizando una fuente de ruido artificial, se tomar\u00e1n mediciones ac\u00fasticas de los niveles de ruido exterior e interior de casas seleccionadas. Esto determinar\u00e1 la capacidad de reducir el ruido en paredes, techos, ventanas y ensamblajes de puertas existentes. Estas pruebas duran aproximadamente dos horas. Esta informaci\u00f3n ser\u00e1 utilizada por el equipo del RSIP para tomar decisiones de los tratamientos ac\u00fasticos.<\/p>\n<p><img loading=\"lazy\" decoding=\"async\" class=\"wp-image-205 size-large alignright\" src=\"\/wp-content\/uploads\/2022\/12\/Sound-Level-Comparison-ES-scaled.jpg\" alt=\"Chart showing sound level comparisons\" width=\"605\" height=\"1024\" srcset=\"\" sizes=\"auto, (max-width: 605px) 100vw, 605px\" data-srcset=\"\" \/><\/p>\n<p><strong>PASO 3 \u2013 Visita de Evaluaci\u00f3n (1\u00aa Visita)<\/strong><\/p>\n<p>La Visita de Evaluaci\u00f3n generalmente dura dos horas. El equipo del RSIP documentar\u00e1 las condiciones existentes de su casa. Dibujar\u00e1 planos de planta, tomar\u00e1 fotograf\u00edas, medir\u00e1 sus ventanas y puertas, identificar\u00e1 los tipos de paredes y techos, y tomar\u00e1 nota de las condiciones generales. Es importante que el equipo tenga acceso a todas las habitaciones, as\u00ed como a sistemas mec\u00e1nicos y el\u00e9ctricos.<\/p>\n<p>En esta visita se har\u00e1n recomendaciones preliminares del tratamiento. Se presentar\u00e1n estilos de puertas y opciones del color de ventanas, y se le pedir\u00e1 que escoja su predilecci\u00f3n, en caso de que estos elementos sean reemplazados. Toda recomendaci\u00f3n del tratamiento estar\u00e1 sujeta a la revisi\u00f3n por parte de TAA y FAA.<\/p>\n<p><strong>PASO 4 \u2013 Acuerdo del Propietario<\/strong><\/p>\n<p>Un miembro del equipo del RSIP se reunir\u00e1 con usted en su casa para hablar de las recomendaciones espec\u00edficas del tratamiento elaboradas para su casa. El documento incluir\u00e1 un \u00e1mbito de trabajo por escrito con esquemas y fotograf\u00edas ilustrando los tratamientos. El integrante del equipo le explicar\u00e1 detalladamente los tratamientos propuestos. Al final de esta visita, tendr\u00e1 una comprensi\u00f3n del \u00e1mbito de trabajo para su casa.<\/p>\n<p>El Acuerdo de Participaci\u00f3n del Propietario define ciertas obligaciones por su parte, que incluyen:<\/p>\n<ul>\n<li>Proporcionar el acceso al contratista durante la construcci\u00f3n.<\/li>\n<li>Estar presente (o tener a un representante autorizado presente) durante la construcci\u00f3n.<\/li>\n<li>Mover muebles y decoraciones de ventanas para permitir que proceda el trabajo.<\/li>\n<li>Corregir las deficiencias que pudiesen impedir la instalaci\u00f3n de los tratamientos.<\/li>\n<\/ul>\n<p>A cambio de los mejoramientos del aislamiento ac\u00fastico en su casa, el RSIP pedir\u00e1 un contrato firmado y notariado entre usted y TAA. Encontrar\u00e1 una copia del Contrato en este documento. Esta cita normalmente dura una hora.<\/p>\n<p><strong>PASO 5 \u2013 Selecci\u00f3n del Contratista<\/strong><\/p>\n<p>Una vez que usted haya aprobado los tratamientos propuestos, el equipo del RSIP preparar\u00e1 los documentos para los contratistas. Su casa ser\u00e1 parte de un proyecto de construcci\u00f3n que incluir\u00e1 otras casas en el \u00e1rea del tratamiento. Una vez que TAA reciba y eval\u00fae todas las licitaciones, el contratista que presente la licitaci\u00f3n responsable m\u00e1s baja ser\u00e1 seleccionado para todos los mejoramientos de este proyecto de construcci\u00f3n.<\/p>\n<p><strong>PASO 6 \u2013 Recorrido Antes de la Construcci\u00f3n<\/strong><\/p>\n<p>Una vez que el contratista haya sido seleccionado, el contratista programar\u00e1 una cita para visitar su casa. Un integrante del equipo del RSIP acompa\u00f1ar\u00e1 al contratista.  En esta visita, el contratista tomar\u00e1 las medidas finales de los art\u00edculos a instalar o modificar. Esto se hace antes de la construcci\u00f3n para que se haga el pedido de los art\u00edculos y puedan ser fabricados. En este momento se verificar\u00e1n los estilos de puerta, las opciones de color y selecciones del acabado.<\/p>\n<p><strong>PASO 7 \u2013 Construcci\u00f3n<\/strong><\/p>\n<p>El contratista trabajar\u00e1 directamente con el Propietario y el equipo del RSIP para programar el trabajo. La construcci\u00f3n solo se llevar\u00e1 a cabo entre semana durante horarios laborales normales. Los propietarios\/arrendadores ser\u00e1n responsables de permitir que el Contratista tenga acceso a su casa. El contratista reemplazar\u00e1 todas las ventanas y puertas que fueron retiradas en cierto d\u00eda en particular con productos nuevos ese mismo d\u00eda para garantizar la seguridad de cada casa. Todas las tardes, el contratista eliminar\u00e1 los escombros y productos que fueron retirados ese d\u00eda. Una vez que empiece la construcci\u00f3n, el contratista tiene 10 d\u00edas laborales consecutivos (excluyendo fines de semana y d\u00edas festivos) para terminar el trabajo sustancial.<\/p>\n<p>Durante la construcci\u00f3n, el equipo del RSIP llevar\u00e1 a cabo inspecciones peri\u00f3dicas del trabajo del contratista para garantizar que cumpla con los est\u00e1ndares del Programa. Despu\u00e9s de la terminaci\u00f3n sustancial de la construcci\u00f3n, se recabar\u00e1 una \"Lista de Trabajos Pendientes\", que incluye la inspecci\u00f3n del trabajo, el funcionamiento de los productos y reparaciones, ajustes o reemplazos que deban realizarse. El contratista programar\u00e1 una hora con usted para regresar y terminar el trabajo de la lista de trabajos pendientes. El contratista tiene cinco d\u00edas laborales para terminar los elementos de la lista de trabajos pendientes.<\/p>\n<p>Una vez terminados los elementos de la lista de trabajos pendientes, se programar\u00e1 un recorrido final con el contratista, el Inspector del Equipo del Programa y usted para asegurarse de que todo el trabajo haya sido completado.<\/p>\n<p>El Equipo del RSIP tiene presente la importancia de su tiempo y har\u00e1 todo lo posible por minimizar los inconvenientes para usted. Cuando una casa est\u00e9 ocupada, la construcci\u00f3n tiene inconvenientes inherentes. Al final de cuentas, la investigaci\u00f3n ha demostrado experiencias positivas una vez finalizada la construcci\u00f3n.<\/p>\n<p><strong>PASO 8 \u2013 Finalizaci\u00f3n<\/strong><\/p>\n<p>Una vez finalizado el trabajo, le pedimos que llene la Encuesta Despu\u00e9s de la Construcci\u00f3n. Esto nos ayudar\u00e1 a mejorar y mantener la calidad del programa. Adem\u00e1s, el contratista le dar\u00e1 un paquete de garant\u00eda, que brinda informaci\u00f3n de la garant\u00eda del contratista y del producto.<\/p>\n<h2><strong>C\u00f3mo Entra el Ruido a su Casa <\/strong><\/h2>\n<p><img loading=\"lazy\" decoding=\"async\" class=\"alignnone wp-image-272 size-full\" src=\"\/wp-content\/uploads\/2022\/08\/Noise-Path.jpg\" alt=\"Graphic showing typical noise paths into your home\" width=\"432\" height=\"170\" srcset=\"https:\/\/www.tussoundinsulation.com\/wp-content\/uploads\/2022\/08\/Noise-Path.jpg 432w, https:\/\/www.tussoundinsulation.com\/wp-content\/uploads\/2022\/08\/Noise-Path-300x118.jpg 300w\" sizes=\"auto, (max-width: 432px) 100vw, 432px\" \/><\/p>\n<p>El ruido generalmente penetra a una casa a trav\u00e9s de aberturas como ventanas, puertas, ventiladores y sistemas de aire acondicionado de ventanas\/paredes. Debido a que el ruido sigue la trayectoria de menor resistencia, los elementos m\u00e1s cr\u00edticos de aislamiento de ruido de una casa son las penetraciones en superficies exteriores de la casa.<\/p>\n<h2><strong>M\u00e9todos para Probar el Aislamiento Ac\u00fastico Residencial<\/strong><\/h2>\n<p><img loading=\"lazy\" decoding=\"async\" class=\"alignnone wp-image-207\" src=\"\/wp-content\/uploads\/2022\/08\/AT2-300x225.jpg\" alt=\"\" width=\"267\" height=\"200\" srcset=\"https:\/\/www.tussoundinsulation.com\/wp-content\/uploads\/2022\/08\/AT2-300x225.jpg 300w, https:\/\/www.tussoundinsulation.com\/wp-content\/uploads\/2022\/08\/AT2-1024x768.jpg 1024w, https:\/\/www.tussoundinsulation.com\/wp-content\/uploads\/2022\/08\/AT2-768x576.jpg 768w, https:\/\/www.tussoundinsulation.com\/wp-content\/uploads\/2022\/08\/AT2-1536x1152.jpg 1536w, https:\/\/www.tussoundinsulation.com\/wp-content\/uploads\/2022\/08\/AT2-2048x1536.jpg 2048w\" sizes=\"auto, (max-width: 267px) 100vw, 267px\" \/><img loading=\"lazy\" decoding=\"async\" class=\"alignnone size-medium wp-image-208\" src=\"\/wp-content\/uploads\/2022\/08\/AT8-300x200.jpg\" alt=\"\" width=\"300\" height=\"200\" srcset=\"https:\/\/www.tussoundinsulation.com\/wp-content\/uploads\/2022\/08\/AT8-300x200.jpg 300w, https:\/\/www.tussoundinsulation.com\/wp-content\/uploads\/2022\/08\/AT8-270x180.jpg 270w, https:\/\/www.tussoundinsulation.com\/wp-content\/uploads\/2022\/08\/AT8.jpg 640w\" sizes=\"auto, (max-width: 300px) 100vw, 300px\" \/><img loading=\"lazy\" decoding=\"async\" class=\"alignnone size-medium wp-image-206\" src=\"\/wp-content\/uploads\/2022\/08\/AT9-300x200.jpg\" alt=\"\" width=\"300\" height=\"200\" srcset=\"https:\/\/www.tussoundinsulation.com\/wp-content\/uploads\/2022\/08\/AT9-300x200.jpg 300w, https:\/\/www.tussoundinsulation.com\/wp-content\/uploads\/2022\/08\/AT9-270x180.jpg 270w, https:\/\/www.tussoundinsulation.com\/wp-content\/uploads\/2022\/08\/AT9.jpg 640w\" sizes=\"auto, (max-width: 300px) 100vw, 300px\" \/><\/p>\n<p>&nbsp;<\/p>\n<h2><strong>AISLAMIENTO AC\u00daSTICO, LO B\u00c1SICO<\/strong><\/h2>\n<p>\"Aislamiento ac\u00fastico\" o \"atenuaci\u00f3n del ruido\" se refiere a los tratamientos ac\u00fasticos que reducen el ruido dentro de la casa. El ruido espec\u00edfico que concierne al RSIP es el ruido del aeropuerto. El nivel de ruido en la casa est\u00e1 determinado por (1) la fuente del ruido en s\u00ed, (2) la construcci\u00f3n de la casa y qu\u00e9 tan bien las paredes, el techo, las puertas y ventanas bloquean el ruido de entrar a los espacios interiores.<\/p>\n<p>Ciertos tipos de estructura de construcci\u00f3n proporcionan una mejor reducci\u00f3n de ruido que otros. Por ejemplo, la construcci\u00f3n de mamposter\u00eda brinda mejor amortiguamiento de ruido que la construcci\u00f3n de estructuras de madera. Sin embargo, debido a que el ruido sigue la trayectoria de menor resistencia, las \u00e1reas m\u00e1s cr\u00edticas para aislar el ruido de una casa son las penetraciones en las superficies exteriores, como puertas, ventanas y ventiladores de techo, incluyendo sistemas de aire acondicionado de ventana.<\/p>\n<h2><strong>SELLADOR AC\u00daSTICO<\/strong><\/h2>\n<p>\"Ruido\" generalmente se refiere al ruido no deseado. Para algunas personas la m\u00fasica alta puede ser un \"sonido\" maravilloso, pero para otras puede ser \"ruido.\" El ruido no deseado interfiere con nuestras actividades cotidianas normales, como dormir, conversar o escuchar televisi\u00f3n o radio. La siguiente tabla ilustra diferentes niveles de ruido medidos en decibeles, o dBA, escala que presenta con precisi\u00f3n el ruido tal como es percibido por los humanos.<\/p>\n<h2><strong>OPCIONES DE TRATAMIENTO AC\u00daSTICO<\/strong><\/h2>\n<p>Cada casa tiene sus propias necesidades particulares. Las casas pueden recibir algunos o todos los tratamientos t\u00edpicos que incluyen:<\/p>\n<ul>\n<li>Reemplazo de ventanas existentes por ventanas ac\u00fasticas<\/li>\n<li>Reemplazo de puertas exteriores existentes por puertas selladas nuevas<\/li>\n<li>Mejoramientos de sistemas de ventilaci\u00f3n (cuando sea necesario)<\/li>\n<\/ul>\n<p>&nbsp;<\/p>\n<h4><strong>Ventanas<\/strong><\/h4>\n<p>Bajo las pautas del RSIP, los tratamientos de ventanas van desde ning\u00fan tratamiento de ventanas existentes hasta el reemplazo completo de las ventanas por unidades de grado ac\u00fastico. Seg\u00fan la condici\u00f3n de sus ventanas existentes y su rendimiento ac\u00fastico, simplemente agregar burletes y sellado a las ventanas existentes puede actualizarlas a un nivel satisfactorio. En otros casos, podr\u00eda ser apropiado instalar ventanas nuevas herm\u00e9ticas, energ\u00e9ticamente eficientes, con doble vidrio.<\/p>\n<h4><strong>Puertas<\/strong><\/h4>\n<p>Las puertas, al igual que las ventanas, se consideran posibles trayectorias de ruido a su casa. Las puertas existentes mal ajustadas ser\u00e1n reemplazadas por nuevas puertas de madera maciza bien ajustadas. Podr\u00eda ser suficiente simplemente agregar burletes y sellar las puertas para actualizar sus puertas. Las casas con puertas y ventanas ya ajustadas pueden necesitar poco o ning\u00fan mejoramiento. La decisi\u00f3n en cuanto al trabajo que se realizar\u00e1 tanto en sus puertas como en sus ventanas se basar\u00e1 en la evaluaci\u00f3n arquitect\u00f3nica de las condiciones existentes y las mediciones ac\u00fasticas tomadas en su casa.<\/p>\n<h4><strong>Ventilaci\u00f3n<\/strong><\/h4>\n<p>Cada uno de los tratamientos ac\u00fasticos descritos funcionan juntos para reducir el ruido en su casa. Una puerta o ventana abierta, sin embargo, permitir\u00e1 que el ruido entre a la casa y contrarrestar\u00e1 los beneficios. La adici\u00f3n de un sistema de ventilaci\u00f3n o aire acondicionado proporcionar\u00e1 comodidad interior siempre que las puertas y ventanas permanezcan cerradas. La adici\u00f3n de ventilaci\u00f3n no se considera un tratamiento de aislamiento ac\u00fastico en s\u00ed, pero proporciona el entorno para que los mejoramientos ac\u00fasticos funcionen a su nivel \u00f3ptimo. Las condiciones existentes de cada casa indicar\u00e1n qu\u00e9 tipo de sistema de ventilaci\u00f3n se requiere.<\/p>","protected":false},"excerpt":{"rendered":"<p>Process ABOUT THE SOUND INSULATION PROCESS &nbsp; STEP 1 \u2013 Notification of Program Eligibility Based upon the program guidelines, the RSIP team will notify the homeowner in writing that the home is eligible and has been selected to be part of the TUS RSIP. STEP 2 \u2013 Pre-Construction Acoustical Testing Using an artificial noise source, [&hellip;]<\/p>","protected":false},"author":1,"featured_media":0,"parent":0,"menu_order":0,"comment_status":"closed","ping_status":"closed","template":"","meta":{"_monsterinsights_skip_tracking":false,"_monsterinsights_sitenote_active":false,"_monsterinsights_sitenote_note":"","_monsterinsights_sitenote_category":0,"footnotes":""},"class_list":["post-26","page","type-page","status-publish","hentry"],"yoast_head":"<!-- This site is optimized with the Yoast SEO plugin v26.9 - https:\/\/yoast.com\/product\/yoast-seo-wordpress\/ -->\n<title>Process - TUS Sound Insulation Project<\/title>\n<meta name=\"robots\" content=\"index, follow, max-snippet:-1, max-image-preview:large, max-video-preview:-1\" \/>\n<link rel=\"canonical\" href=\"https:\/\/tussoundinsulation.com\/process\/\" \/>\n<meta property=\"og:locale\" content=\"es_MX\" \/>\n<meta property=\"og:type\" content=\"article\" \/>\n<meta property=\"og:title\" content=\"Process - TUS Sound Insulation Project\" \/>\n<meta property=\"og:description\" content=\"Process ABOUT THE SOUND INSULATION PROCESS &nbsp; STEP 1 \u2013 Notification of Program Eligibility Based upon the program guidelines, the RSIP team will notify the homeowner in writing that the home is eligible and has been selected to be part of the TUS RSIP. STEP 2 \u2013 Pre-Construction Acoustical Testing Using an artificial noise source, [&hellip;]\" \/>\n<meta property=\"og:url\" content=\"https:\/\/tussoundinsulation.com\/process\/\" \/>\n<meta property=\"og:site_name\" content=\"TUS Sound Insulation Project\" \/>\n<meta property=\"article:modified_time\" content=\"2022-12-05T19:31:59+00:00\" \/>\n<meta name=\"twitter:card\" content=\"summary_large_image\" \/>\n<meta name=\"twitter:label1\" content=\"Tiempo de lectura\" \/>\n\t<meta name=\"twitter:data1\" content=\"7 minutos\" \/>\n<script type=\"application\/ld+json\" class=\"yoast-schema-graph\">{\"@context\":\"https:\/\/schema.org\",\"@graph\":[{\"@type\":\"WebPage\",\"@id\":\"https:\/\/tussoundinsulation.com\/process\/\",\"url\":\"https:\/\/tussoundinsulation.com\/process\/\",\"name\":\"Process - TUS Sound Insulation Project\",\"isPartOf\":{\"@id\":\"http:\/\/50.200.101.204:80\/#website\"},\"datePublished\":\"2022-07-18T15:16:48+00:00\",\"dateModified\":\"2022-12-05T19:31:59+00:00\",\"breadcrumb\":{\"@id\":\"https:\/\/tussoundinsulation.com\/process\/#breadcrumb\"},\"inLanguage\":\"es\",\"potentialAction\":[{\"@type\":\"ReadAction\",\"target\":[\"https:\/\/tussoundinsulation.com\/process\/\"]}]},{\"@type\":\"BreadcrumbList\",\"@id\":\"https:\/\/tussoundinsulation.com\/process\/#breadcrumb\",\"itemListElement\":[{\"@type\":\"ListItem\",\"position\":1,\"name\":\"Home\",\"item\":\"https:\/\/www.tussoundinsulation.com\/\"},{\"@type\":\"ListItem\",\"position\":2,\"name\":\"Process\"}]},{\"@type\":\"WebSite\",\"@id\":\"http:\/\/50.200.101.204:80\/#website\",\"url\":\"http:\/\/50.200.101.204:80\/\",\"name\":\"TUS Sound Insulation Project\",\"description\":\"\",\"publisher\":{\"@id\":\"http:\/\/50.200.101.204:80\/#organization\"},\"potentialAction\":[{\"@type\":\"SearchAction\",\"target\":{\"@type\":\"EntryPoint\",\"urlTemplate\":\"http:\/\/50.200.101.204:80\/?s={search_term_string}\"},\"query-input\":{\"@type\":\"PropertyValueSpecification\",\"valueRequired\":true,\"valueName\":\"search_term_string\"}}],\"inLanguage\":\"es\"},{\"@type\":\"Organization\",\"@id\":\"http:\/\/50.200.101.204:80\/#organization\",\"name\":\"TUS Sound Insulation Project\",\"url\":\"http:\/\/50.200.101.204:80\/\",\"logo\":{\"@type\":\"ImageObject\",\"inLanguage\":\"es\",\"@id\":\"http:\/\/50.200.101.204:80\/#\/schema\/logo\/image\/\",\"url\":\"http:\/\/150.150.150.190\/wp-content\/uploads\/2022\/07\/TAALogo.jpg\",\"contentUrl\":\"http:\/\/150.150.150.190\/wp-content\/uploads\/2022\/07\/TAALogo.jpg\",\"width\":248,\"height\":141,\"caption\":\"TUS Sound Insulation Project\"},\"image\":{\"@id\":\"http:\/\/50.200.101.204:80\/#\/schema\/logo\/image\/\"}}]}<\/script>\n<!-- \/ Yoast SEO plugin. -->","yoast_head_json":{"title":"Process - TUS Sound Insulation Project","robots":{"index":"index","follow":"follow","max-snippet":"max-snippet:-1","max-image-preview":"max-image-preview:large","max-video-preview":"max-video-preview:-1"},"canonical":"https:\/\/tussoundinsulation.com\/process\/","og_locale":"es_MX","og_type":"article","og_title":"Process - TUS Sound Insulation Project","og_description":"Process ABOUT THE SOUND INSULATION PROCESS &nbsp; STEP 1 \u2013 Notification of Program Eligibility Based upon the program guidelines, the RSIP team will notify the homeowner in writing that the home is eligible and has been selected to be part of the TUS RSIP. STEP 2 \u2013 Pre-Construction Acoustical Testing Using an artificial noise source, [&hellip;]","og_url":"https:\/\/tussoundinsulation.com\/process\/","og_site_name":"TUS Sound Insulation Project","article_modified_time":"2022-12-05T19:31:59+00:00","twitter_card":"summary_large_image","twitter_misc":{"Tiempo de lectura":"7 minutos"},"schema":{"@context":"https:\/\/schema.org","@graph":[{"@type":"WebPage","@id":"https:\/\/tussoundinsulation.com\/process\/","url":"https:\/\/tussoundinsulation.com\/process\/","name":"Process - TUS Sound Insulation Project","isPartOf":{"@id":"http:\/\/50.200.101.204:80\/#website"},"datePublished":"2022-07-18T15:16:48+00:00","dateModified":"2022-12-05T19:31:59+00:00","breadcrumb":{"@id":"https:\/\/tussoundinsulation.com\/process\/#breadcrumb"},"inLanguage":"es","potentialAction":[{"@type":"ReadAction","target":["https:\/\/tussoundinsulation.com\/process\/"]}]},{"@type":"BreadcrumbList","@id":"https:\/\/tussoundinsulation.com\/process\/#breadcrumb","itemListElement":[{"@type":"ListItem","position":1,"name":"Home","item":"https:\/\/www.tussoundinsulation.com\/"},{"@type":"ListItem","position":2,"name":"Process"}]},{"@type":"WebSite","@id":"http:\/\/50.200.101.204:80\/#website","url":"http:\/\/50.200.101.204:80\/","name":"TUS Sound Insulation Project","description":"","publisher":{"@id":"http:\/\/50.200.101.204:80\/#organization"},"potentialAction":[{"@type":"SearchAction","target":{"@type":"EntryPoint","urlTemplate":"http:\/\/50.200.101.204:80\/?s={search_term_string}"},"query-input":{"@type":"PropertyValueSpecification","valueRequired":true,"valueName":"search_term_string"}}],"inLanguage":"es"},{"@type":"Organization","@id":"http:\/\/50.200.101.204:80\/#organization","name":"TUS Sound Insulation Project","url":"http:\/\/50.200.101.204:80\/","logo":{"@type":"ImageObject","inLanguage":"es","@id":"http:\/\/50.200.101.204:80\/#\/schema\/logo\/image\/","url":"http:\/\/150.150.150.190\/wp-content\/uploads\/2022\/07\/TAALogo.jpg","contentUrl":"http:\/\/150.150.150.190\/wp-content\/uploads\/2022\/07\/TAALogo.jpg","width":248,"height":141,"caption":"TUS Sound Insulation Project"},"image":{"@id":"http:\/\/50.200.101.204:80\/#\/schema\/logo\/image\/"}}]}},"_links":{"self":[{"href":"https:\/\/www.tussoundinsulation.com\/es\/wp-json\/wp\/v2\/pages\/26","targetHints":{"allow":["GET"]}}],"collection":[{"href":"https:\/\/www.tussoundinsulation.com\/es\/wp-json\/wp\/v2\/pages"}],"about":[{"href":"https:\/\/www.tussoundinsulation.com\/es\/wp-json\/wp\/v2\/types\/page"}],"author":[{"embeddable":true,"href":"https:\/\/www.tussoundinsulation.com\/es\/wp-json\/wp\/v2\/users\/1"}],"replies":[{"embeddable":true,"href":"https:\/\/www.tussoundinsulation.com\/es\/wp-json\/wp\/v2\/comments?post=26"}],"version-history":[{"count":33,"href":"https:\/\/www.tussoundinsulation.com\/es\/wp-json\/wp\/v2\/pages\/26\/revisions"}],"predecessor-version":[{"id":367,"href":"https:\/\/www.tussoundinsulation.com\/es\/wp-json\/wp\/v2\/pages\/26\/revisions\/367"}],"wp:attachment":[{"href":"https:\/\/www.tussoundinsulation.com\/es\/wp-json\/wp\/v2\/media?parent=26"}],"curies":[{"name":"wp","href":"https:\/\/api.w.org\/{rel}","templated":true}]}}