{"id":22,"date":"2022-07-18T11:07:57","date_gmt":"2022-07-18T15:07:57","guid":{"rendered":"http:\/\/150.150.150.190\/?page_id=22"},"modified":"2025-03-21T09:54:18","modified_gmt":"2025-03-21T13:54:18","slug":"homeowners","status":"publish","type":"page","link":"https:\/\/www.tussoundinsulation.com\/es\/homeowners\/","title":{"rendered":"PROPIETARIOS"},"content":{"rendered":"<h1><strong>PROPIETARIOS<\/strong><\/h1>\n<p>&nbsp;<\/p>\n<h2><strong>MANUAL DEL PROPIETARIO<\/strong><\/h2>\n<p>Este manual explica el Programa de Aislamiento Ac\u00fastico Residencial (RSIP). Favor de leer este manual y platicarlo con su familia.<\/p>\n<ul>\n<li>Manual del Propietario <em><a style=\"color: #8a2d35;\" href=\"\/wp-content\/uploads\/2022\/12\/ES-TUS-RSIP-Homeowner-Handbook.pdf\" target=\"_blank\" rel=\"noopener\">[PDF]<\/a><\/em><\/li>\n<\/ul>\n<p>Si tiene preguntas de temas no incluidos en el Manual del Propietario, comun\u00edquese a la Oficina del programa:<\/p>\n<p>Tim Fenlason<br \/>\nPhone: (831)869-8490<br \/>\nCorreo Electr\u00f3nico:\u00a0 <a style=\"color: #8a2d35;\" href=\"mailto:tfenlason@jonespayne.com\">tfenlason@jonespayne.com<\/a><\/p>\n<h2><strong>LISTA DE VERIFICACI\u00d3N DEL PROPIETARIO<\/strong><\/h2>\n<p>Haremos todo lo posible para que su experiencia con el RSIP del Aeropuerto Internacional de Tucson (TUS) sea positiva. El proceso es mucho m\u00e1s complejo que el de una simple construcci\u00f3n. La atenuaci\u00f3n de ruido es diferente a los proyectos normales de renovaci\u00f3n.<\/p>\n<p>TAA cre\u00f3 el programa para asegurar que usted est\u00e9 bien informado con respecto a los tratamientos y por qu\u00e9 han sido recomendados para su casa. Se incluye, para su conveniencia, una \"lista de verificaci\u00f3n\" de los pasos principales del proceso.  Hay espacio para que usted anote las fechas a medida que se programen o cuando ocurran. Le recomendamos utilizar este formulario para llevar un registro de d\u00f3nde se encuentra en el proceso.<\/p>\n<p><em><a style=\"color: #8a2d35;\" href=\"\/wp-content\/uploads\/2022\/12\/ES-TUS-RSIP-Homeowner-Checklist.pdf\" target=\"_blank\" rel=\"noopener\">Haga clic aqu\u00ed para imprimir la Lista de Verificaci\u00f3n en archivo PDF<\/a><\/em><\/p>\n<p>&nbsp;<\/p>\n<p>&nbsp;<\/p>","protected":false},"excerpt":{"rendered":"<p>Homeowners &nbsp; HOMEOWNER HANDBOOK This booklet explains the Residential Sound Insulation Program (RSIP). Please review this booklet and discuss it with your family. Homeowner Handbook [PDF] If you have any questions that are not addressed in the Homeowner Handbook, please contact the Program Office: Tim Fenlason Phone: (831)869-8490 E-mail:\u00a0 tfenlason@jonespayne.com HOMEOWNER CHECKLIST We will make [&hellip;]<\/p>","protected":false},"author":1,"featured_media":0,"parent":0,"menu_order":0,"comment_status":"closed","ping_status":"closed","template":"","meta":{"_monsterinsights_skip_tracking":false,"_monsterinsights_sitenote_active":false,"_monsterinsights_sitenote_note":"","_monsterinsights_sitenote_category":0,"footnotes":""},"class_list":["post-22","page","type-page","status-publish","hentry"],"yoast_head":"<!-- This site is optimized with the Yoast SEO plugin v26.9 - https:\/\/yoast.com\/product\/yoast-seo-wordpress\/ -->\n<title>Homeowners - TUS Sound Insulation Project<\/title>\n<meta name=\"robots\" content=\"index, follow, max-snippet:-1, max-image-preview:large, max-video-preview:-1\" \/>\n<link rel=\"canonical\" href=\"https:\/\/www.tussoundinsulation.com\/es\/homeowners\/\" \/>\n<meta property=\"og:locale\" content=\"es_MX\" \/>\n<meta property=\"og:type\" content=\"article\" \/>\n<meta property=\"og:title\" content=\"Homeowners - TUS Sound Insulation Project\" \/>\n<meta property=\"og:description\" content=\"Homeowners &nbsp; HOMEOWNER HANDBOOK This booklet explains the Residential Sound Insulation Program (RSIP). Please review this booklet and discuss it with your family. Homeowner Handbook [PDF] If you have any questions that are not addressed in the Homeowner Handbook, please contact the Program Office: Tim Fenlason Phone: (831)869-8490 E-mail:\u00a0 tfenlason@jonespayne.com HOMEOWNER CHECKLIST We will make [&hellip;]\" \/>\n<meta property=\"og:url\" content=\"https:\/\/www.tussoundinsulation.com\/es\/homeowners\/\" \/>\n<meta property=\"og:site_name\" content=\"TUS Sound Insulation Project\" \/>\n<meta property=\"article:modified_time\" content=\"2025-03-21T13:54:18+00:00\" \/>\n<meta name=\"twitter:card\" content=\"summary_large_image\" \/>\n<meta name=\"twitter:label1\" content=\"Tiempo de lectura\" \/>\n\t<meta name=\"twitter:data1\" content=\"1 minuto\" \/>\n<script type=\"application\/ld+json\" class=\"yoast-schema-graph\">{\"@context\":\"https:\/\/schema.org\",\"@graph\":[{\"@type\":\"WebPage\",\"@id\":\"https:\/\/www.tussoundinsulation.com\/homeowners\/\",\"url\":\"https:\/\/www.tussoundinsulation.com\/homeowners\/\",\"name\":\"Homeowners - TUS Sound Insulation Project\",\"isPartOf\":{\"@id\":\"http:\/\/50.200.101.204:80\/#website\"},\"datePublished\":\"2022-07-18T15:07:57+00:00\",\"dateModified\":\"2025-03-21T13:54:18+00:00\",\"breadcrumb\":{\"@id\":\"https:\/\/www.tussoundinsulation.com\/homeowners\/#breadcrumb\"},\"inLanguage\":\"es\",\"potentialAction\":[{\"@type\":\"ReadAction\",\"target\":[\"https:\/\/www.tussoundinsulation.com\/homeowners\/\"]}]},{\"@type\":\"BreadcrumbList\",\"@id\":\"https:\/\/www.tussoundinsulation.com\/homeowners\/#breadcrumb\",\"itemListElement\":[{\"@type\":\"ListItem\",\"position\":1,\"name\":\"Home\",\"item\":\"https:\/\/www.tussoundinsulation.com\/\"},{\"@type\":\"ListItem\",\"position\":2,\"name\":\"Homeowners\"}]},{\"@type\":\"WebSite\",\"@id\":\"http:\/\/50.200.101.204:80\/#website\",\"url\":\"http:\/\/50.200.101.204:80\/\",\"name\":\"TUS Sound Insulation Project\",\"description\":\"\",\"publisher\":{\"@id\":\"http:\/\/50.200.101.204:80\/#organization\"},\"potentialAction\":[{\"@type\":\"SearchAction\",\"target\":{\"@type\":\"EntryPoint\",\"urlTemplate\":\"http:\/\/50.200.101.204:80\/?s={search_term_string}\"},\"query-input\":{\"@type\":\"PropertyValueSpecification\",\"valueRequired\":true,\"valueName\":\"search_term_string\"}}],\"inLanguage\":\"es\"},{\"@type\":\"Organization\",\"@id\":\"http:\/\/50.200.101.204:80\/#organization\",\"name\":\"TUS Sound Insulation Project\",\"url\":\"http:\/\/50.200.101.204:80\/\",\"logo\":{\"@type\":\"ImageObject\",\"inLanguage\":\"es\",\"@id\":\"http:\/\/50.200.101.204:80\/#\/schema\/logo\/image\/\",\"url\":\"http:\/\/150.150.150.190\/wp-content\/uploads\/2022\/07\/TAALogo.jpg\",\"contentUrl\":\"http:\/\/150.150.150.190\/wp-content\/uploads\/2022\/07\/TAALogo.jpg\",\"width\":248,\"height\":141,\"caption\":\"TUS Sound Insulation Project\"},\"image\":{\"@id\":\"http:\/\/50.200.101.204:80\/#\/schema\/logo\/image\/\"}}]}<\/script>\n<!-- \/ Yoast SEO plugin. -->","yoast_head_json":{"title":"Homeowners - TUS Sound Insulation Project","robots":{"index":"index","follow":"follow","max-snippet":"max-snippet:-1","max-image-preview":"max-image-preview:large","max-video-preview":"max-video-preview:-1"},"canonical":"https:\/\/www.tussoundinsulation.com\/es\/homeowners\/","og_locale":"es_MX","og_type":"article","og_title":"Homeowners - TUS Sound Insulation Project","og_description":"Homeowners &nbsp; HOMEOWNER HANDBOOK This booklet explains the Residential Sound Insulation Program (RSIP). Please review this booklet and discuss it with your family. Homeowner Handbook [PDF] If you have any questions that are not addressed in the Homeowner Handbook, please contact the Program Office: Tim Fenlason Phone: (831)869-8490 E-mail:\u00a0 tfenlason@jonespayne.com HOMEOWNER CHECKLIST We will make [&hellip;]","og_url":"https:\/\/www.tussoundinsulation.com\/es\/homeowners\/","og_site_name":"TUS Sound Insulation Project","article_modified_time":"2025-03-21T13:54:18+00:00","twitter_card":"summary_large_image","twitter_misc":{"Tiempo de lectura":"1 minuto"},"schema":{"@context":"https:\/\/schema.org","@graph":[{"@type":"WebPage","@id":"https:\/\/www.tussoundinsulation.com\/homeowners\/","url":"https:\/\/www.tussoundinsulation.com\/homeowners\/","name":"Homeowners - TUS Sound Insulation Project","isPartOf":{"@id":"http:\/\/50.200.101.204:80\/#website"},"datePublished":"2022-07-18T15:07:57+00:00","dateModified":"2025-03-21T13:54:18+00:00","breadcrumb":{"@id":"https:\/\/www.tussoundinsulation.com\/homeowners\/#breadcrumb"},"inLanguage":"es","potentialAction":[{"@type":"ReadAction","target":["https:\/\/www.tussoundinsulation.com\/homeowners\/"]}]},{"@type":"BreadcrumbList","@id":"https:\/\/www.tussoundinsulation.com\/homeowners\/#breadcrumb","itemListElement":[{"@type":"ListItem","position":1,"name":"Home","item":"https:\/\/www.tussoundinsulation.com\/"},{"@type":"ListItem","position":2,"name":"Homeowners"}]},{"@type":"WebSite","@id":"http:\/\/50.200.101.204:80\/#website","url":"http:\/\/50.200.101.204:80\/","name":"TUS Sound Insulation Project","description":"","publisher":{"@id":"http:\/\/50.200.101.204:80\/#organization"},"potentialAction":[{"@type":"SearchAction","target":{"@type":"EntryPoint","urlTemplate":"http:\/\/50.200.101.204:80\/?s={search_term_string}"},"query-input":{"@type":"PropertyValueSpecification","valueRequired":true,"valueName":"search_term_string"}}],"inLanguage":"es"},{"@type":"Organization","@id":"http:\/\/50.200.101.204:80\/#organization","name":"TUS Sound Insulation Project","url":"http:\/\/50.200.101.204:80\/","logo":{"@type":"ImageObject","inLanguage":"es","@id":"http:\/\/50.200.101.204:80\/#\/schema\/logo\/image\/","url":"http:\/\/150.150.150.190\/wp-content\/uploads\/2022\/07\/TAALogo.jpg","contentUrl":"http:\/\/150.150.150.190\/wp-content\/uploads\/2022\/07\/TAALogo.jpg","width":248,"height":141,"caption":"TUS Sound Insulation Project"},"image":{"@id":"http:\/\/50.200.101.204:80\/#\/schema\/logo\/image\/"}}]}},"_links":{"self":[{"href":"https:\/\/www.tussoundinsulation.com\/es\/wp-json\/wp\/v2\/pages\/22","targetHints":{"allow":["GET"]}}],"collection":[{"href":"https:\/\/www.tussoundinsulation.com\/es\/wp-json\/wp\/v2\/pages"}],"about":[{"href":"https:\/\/www.tussoundinsulation.com\/es\/wp-json\/wp\/v2\/types\/page"}],"author":[{"embeddable":true,"href":"https:\/\/www.tussoundinsulation.com\/es\/wp-json\/wp\/v2\/users\/1"}],"replies":[{"embeddable":true,"href":"https:\/\/www.tussoundinsulation.com\/es\/wp-json\/wp\/v2\/comments?post=22"}],"version-history":[{"count":23,"href":"https:\/\/www.tussoundinsulation.com\/es\/wp-json\/wp\/v2\/pages\/22\/revisions"}],"predecessor-version":[{"id":462,"href":"https:\/\/www.tussoundinsulation.com\/es\/wp-json\/wp\/v2\/pages\/22\/revisions\/462"}],"wp:attachment":[{"href":"https:\/\/www.tussoundinsulation.com\/es\/wp-json\/wp\/v2\/media?parent=22"}],"curies":[{"name":"wp","href":"https:\/\/api.w.org\/{rel}","templated":true}]}}