{"id":19,"date":"2022-07-18T11:05:57","date_gmt":"2022-07-18T15:05:57","guid":{"rendered":"http:\/\/150.150.150.190\/?page_id=19"},"modified":"2023-02-13T11:41:11","modified_gmt":"2023-02-13T16:41:11","slug":"the-program","status":"publish","type":"page","link":"https:\/\/www.tussoundinsulation.com\/es\/the-program\/","title":{"rendered":"EL PROGRAMA"},"content":{"rendered":"<h1><strong>Con Respecto al Programa de Aislamiento Ac\u00fastico<\/strong><\/h1>\n<p>&nbsp;<\/p>\n<h2><strong>VISI\u00d3N GENERAL<\/strong><\/h2>\n<p>La Autoridad Aeroportuaria de Tucson (TAA) inici\u00f3 un programa voluntario de Aislamiento Ac\u00fastico Residencial (RSIP) para mitigar los efectos del ruido de aeronaves en las propiedades que se encuentran alrededor del aeropuerto y antes de la construcci\u00f3n de una nueva pista paralela de longitud comercial.<\/p>\n<p>El programa determinar\u00e1 las necesidades de aislamiento ac\u00fastico de aproximadamente 60 unidades residenciales que se encuentran en \u00e1reas de mayor impacto ac\u00fastico. La participaci\u00f3n es estrictamente voluntaria para los propietarios elegibles.<br \/>\n<strong>\u00a0<\/strong><\/p>\n<h2><strong>TRATAMIENTOS AC\u00daSTICOS<\/strong><strong> TREATMENTS<\/strong><\/h2>\n<p>Los tratamientos ac\u00fasticos son mejoramientos que reducen los niveles de ruido interior dentro de espacios habitables. Estos tratamientos podr\u00edan incluir el reemplazo de puertas y ventanas, burletes (cintas aislantes) y sistemas de aire acondicionado sin costo alguno para el propietario. El RSIP facilitar\u00e1 arquitectos, ingenieros y contratistas, as\u00ed como materiales y mano de obra para llevar a cabo los mejoramientos del aislamiento ac\u00fastico.<\/p>\n<p>Los mejoramientos del programa se limitan a aquellos que reducen los niveles de ruido de aeronaves en la casa. Las reparaciones estructurales, los elementos de mantenimiento, trabajos de renovaci\u00f3n de casas o necesidades de climatizaci\u00f3n no relacionados directamente con la reducci\u00f3n de ruido no son parte de este programa.<br \/>\n<strong>\u00a0<\/strong><\/p>\n<h2><strong>OBJETIVOS<\/strong><\/h2>\n<p>El prop\u00f3sito del RSIP es reducir el nivel de ruido dentro de su casa. El programa proporcionar\u00e1 modificaciones a su casa de acuerdo con las pautas federales y estatales.<\/p>\n<p>Con esta finalidad, TAA se esfuerza por hacer que usted sea participante bien informado del proceso y brindarle una variedad de opciones de las mejores aplicaciones ac\u00fasticas disponibles para su casa. Los objetivos de nuestro programa son:<\/p>\n<ul>\n<li>Asegurar la satisfacci\u00f3n del propietario con el programa a trav\u00e9s de la comunicaci\u00f3n durante todo el proceso.<\/li>\n<li>Asegurar la rentabilidad del programa mientras se mantiene la calidad del servicio, de los productos y de la construcci\u00f3n.<\/li>\n<\/ul>\n<p><strong>\u00a0<\/strong><\/p>\n<h2><strong>EQUIPO<\/strong><\/h2>\n<h4>Conozca al equipo del programa<\/h4>\n<p>Autoridad Aeroportuaria de Tucson, operador certificado del Aeropuerto Internacional de Tucson <a style=\"color: #8a2d35;\" href=\"https:\/\/www.flytucson.com\/taa\/\"><em>https:\/\/www.flytucson.com\/taa\/<\/em><\/a><br \/>\nThe Jones Payne Group, Asesor de Aislamiento Ac\u00fastico <a style=\"color: #8a2d35;\" href=\"https:\/\/www.jonespayne.com\"><em>https:\/\/www.jonespayne.com<\/em><\/a><\/p>\n<p>The Jones Payne Group ha ayudado a facilitar y completar tratamientos de aislamiento ac\u00fastico en m\u00e1s de 20,000 unidades residenciales en todo el pa\u00eds.<\/p>\n<p>El equipo del programa:<\/p>\n<ul>\n<li>Se reunir\u00e1 con usted para hablar del programa y documentar las condiciones existentes de su casa.<\/li>\n<li>Preparar\u00e1 un plan de tratamiento conceptual para su casa y se reunir\u00e1 con usted para que lo apruebe.<\/li>\n<li>Preparar\u00e1 los documentos de la construcci\u00f3n para seleccionar a un contratista.<\/li>\n<li>Proporcionar\u00e1 observaci\u00f3n diaria y semanal de los trabajos de construcci\u00f3n en su casa de principio a fin.<\/li>\n<\/ul>","protected":false},"excerpt":{"rendered":"<p>About the Sound Insulation Program &nbsp; OVERVIEW The Tucson Airport Authority (TAA) has initiated a voluntary Residential Sound Insulation Program (RSIP) to mitigate the effects of aircraft noise for properties surrounding the airport and ahead of construction of a new commercial length parallel runway. The program will determine the need for sound insulation for approximately [&hellip;]<\/p>","protected":false},"author":1,"featured_media":0,"parent":0,"menu_order":0,"comment_status":"closed","ping_status":"closed","template":"","meta":{"_monsterinsights_skip_tracking":false,"_monsterinsights_sitenote_active":false,"_monsterinsights_sitenote_note":"","_monsterinsights_sitenote_category":0,"footnotes":""},"class_list":["post-19","page","type-page","status-publish","hentry"],"yoast_head":"<!-- This site is optimized with the Yoast SEO plugin v26.9 - https:\/\/yoast.com\/product\/yoast-seo-wordpress\/ -->\n<title>The Program - TUS Sound Insulation Project<\/title>\n<meta name=\"robots\" content=\"index, follow, max-snippet:-1, max-image-preview:large, max-video-preview:-1\" \/>\n<link rel=\"canonical\" href=\"https:\/\/www.tussoundinsulation.com\/es\/the-program\/\" \/>\n<meta property=\"og:locale\" content=\"es_MX\" \/>\n<meta property=\"og:type\" content=\"article\" \/>\n<meta property=\"og:title\" content=\"The Program - TUS Sound Insulation Project\" \/>\n<meta property=\"og:description\" content=\"About the Sound Insulation Program &nbsp; OVERVIEW The Tucson Airport Authority (TAA) has initiated a voluntary Residential Sound Insulation Program (RSIP) to mitigate the effects of aircraft noise for properties surrounding the airport and ahead of construction of a new commercial length parallel runway. The program will determine the need for sound insulation for approximately [&hellip;]\" \/>\n<meta property=\"og:url\" content=\"https:\/\/www.tussoundinsulation.com\/es\/the-program\/\" \/>\n<meta property=\"og:site_name\" content=\"TUS Sound Insulation Project\" \/>\n<meta property=\"article:modified_time\" content=\"2023-02-13T16:41:11+00:00\" \/>\n<meta name=\"twitter:card\" content=\"summary_large_image\" \/>\n<meta name=\"twitter:label1\" content=\"Tiempo de lectura\" \/>\n\t<meta name=\"twitter:data1\" content=\"2 minutos\" \/>\n<script type=\"application\/ld+json\" class=\"yoast-schema-graph\">{\"@context\":\"https:\/\/schema.org\",\"@graph\":[{\"@type\":\"WebPage\",\"@id\":\"https:\/\/www.tussoundinsulation.com\/the-program\/\",\"url\":\"https:\/\/www.tussoundinsulation.com\/the-program\/\",\"name\":\"The Program - TUS Sound Insulation Project\",\"isPartOf\":{\"@id\":\"http:\/\/50.200.101.204:80\/#website\"},\"datePublished\":\"2022-07-18T15:05:57+00:00\",\"dateModified\":\"2023-02-13T16:41:11+00:00\",\"breadcrumb\":{\"@id\":\"https:\/\/www.tussoundinsulation.com\/the-program\/#breadcrumb\"},\"inLanguage\":\"es\",\"potentialAction\":[{\"@type\":\"ReadAction\",\"target\":[\"https:\/\/www.tussoundinsulation.com\/the-program\/\"]}]},{\"@type\":\"BreadcrumbList\",\"@id\":\"https:\/\/www.tussoundinsulation.com\/the-program\/#breadcrumb\",\"itemListElement\":[{\"@type\":\"ListItem\",\"position\":1,\"name\":\"Home\",\"item\":\"https:\/\/www.tussoundinsulation.com\/\"},{\"@type\":\"ListItem\",\"position\":2,\"name\":\"The Program\"}]},{\"@type\":\"WebSite\",\"@id\":\"http:\/\/50.200.101.204:80\/#website\",\"url\":\"http:\/\/50.200.101.204:80\/\",\"name\":\"TUS Sound Insulation Project\",\"description\":\"\",\"publisher\":{\"@id\":\"http:\/\/50.200.101.204:80\/#organization\"},\"potentialAction\":[{\"@type\":\"SearchAction\",\"target\":{\"@type\":\"EntryPoint\",\"urlTemplate\":\"http:\/\/50.200.101.204:80\/?s={search_term_string}\"},\"query-input\":{\"@type\":\"PropertyValueSpecification\",\"valueRequired\":true,\"valueName\":\"search_term_string\"}}],\"inLanguage\":\"es\"},{\"@type\":\"Organization\",\"@id\":\"http:\/\/50.200.101.204:80\/#organization\",\"name\":\"TUS Sound Insulation Project\",\"url\":\"http:\/\/50.200.101.204:80\/\",\"logo\":{\"@type\":\"ImageObject\",\"inLanguage\":\"es\",\"@id\":\"http:\/\/50.200.101.204:80\/#\/schema\/logo\/image\/\",\"url\":\"http:\/\/150.150.150.190\/wp-content\/uploads\/2022\/07\/TAALogo.jpg\",\"contentUrl\":\"http:\/\/150.150.150.190\/wp-content\/uploads\/2022\/07\/TAALogo.jpg\",\"width\":248,\"height\":141,\"caption\":\"TUS Sound Insulation Project\"},\"image\":{\"@id\":\"http:\/\/50.200.101.204:80\/#\/schema\/logo\/image\/\"}}]}<\/script>\n<!-- \/ Yoast SEO plugin. -->","yoast_head_json":{"title":"The Program - TUS Sound Insulation Project","robots":{"index":"index","follow":"follow","max-snippet":"max-snippet:-1","max-image-preview":"max-image-preview:large","max-video-preview":"max-video-preview:-1"},"canonical":"https:\/\/www.tussoundinsulation.com\/es\/the-program\/","og_locale":"es_MX","og_type":"article","og_title":"The Program - TUS Sound Insulation Project","og_description":"About the Sound Insulation Program &nbsp; OVERVIEW The Tucson Airport Authority (TAA) has initiated a voluntary Residential Sound Insulation Program (RSIP) to mitigate the effects of aircraft noise for properties surrounding the airport and ahead of construction of a new commercial length parallel runway. The program will determine the need for sound insulation for approximately [&hellip;]","og_url":"https:\/\/www.tussoundinsulation.com\/es\/the-program\/","og_site_name":"TUS Sound Insulation Project","article_modified_time":"2023-02-13T16:41:11+00:00","twitter_card":"summary_large_image","twitter_misc":{"Tiempo de lectura":"2 minutos"},"schema":{"@context":"https:\/\/schema.org","@graph":[{"@type":"WebPage","@id":"https:\/\/www.tussoundinsulation.com\/the-program\/","url":"https:\/\/www.tussoundinsulation.com\/the-program\/","name":"The Program - TUS Sound Insulation Project","isPartOf":{"@id":"http:\/\/50.200.101.204:80\/#website"},"datePublished":"2022-07-18T15:05:57+00:00","dateModified":"2023-02-13T16:41:11+00:00","breadcrumb":{"@id":"https:\/\/www.tussoundinsulation.com\/the-program\/#breadcrumb"},"inLanguage":"es","potentialAction":[{"@type":"ReadAction","target":["https:\/\/www.tussoundinsulation.com\/the-program\/"]}]},{"@type":"BreadcrumbList","@id":"https:\/\/www.tussoundinsulation.com\/the-program\/#breadcrumb","itemListElement":[{"@type":"ListItem","position":1,"name":"Home","item":"https:\/\/www.tussoundinsulation.com\/"},{"@type":"ListItem","position":2,"name":"The Program"}]},{"@type":"WebSite","@id":"http:\/\/50.200.101.204:80\/#website","url":"http:\/\/50.200.101.204:80\/","name":"TUS Sound Insulation Project","description":"","publisher":{"@id":"http:\/\/50.200.101.204:80\/#organization"},"potentialAction":[{"@type":"SearchAction","target":{"@type":"EntryPoint","urlTemplate":"http:\/\/50.200.101.204:80\/?s={search_term_string}"},"query-input":{"@type":"PropertyValueSpecification","valueRequired":true,"valueName":"search_term_string"}}],"inLanguage":"es"},{"@type":"Organization","@id":"http:\/\/50.200.101.204:80\/#organization","name":"TUS Sound Insulation Project","url":"http:\/\/50.200.101.204:80\/","logo":{"@type":"ImageObject","inLanguage":"es","@id":"http:\/\/50.200.101.204:80\/#\/schema\/logo\/image\/","url":"http:\/\/150.150.150.190\/wp-content\/uploads\/2022\/07\/TAALogo.jpg","contentUrl":"http:\/\/150.150.150.190\/wp-content\/uploads\/2022\/07\/TAALogo.jpg","width":248,"height":141,"caption":"TUS Sound Insulation Project"},"image":{"@id":"http:\/\/50.200.101.204:80\/#\/schema\/logo\/image\/"}}]}},"_links":{"self":[{"href":"https:\/\/www.tussoundinsulation.com\/es\/wp-json\/wp\/v2\/pages\/19","targetHints":{"allow":["GET"]}}],"collection":[{"href":"https:\/\/www.tussoundinsulation.com\/es\/wp-json\/wp\/v2\/pages"}],"about":[{"href":"https:\/\/www.tussoundinsulation.com\/es\/wp-json\/wp\/v2\/types\/page"}],"author":[{"embeddable":true,"href":"https:\/\/www.tussoundinsulation.com\/es\/wp-json\/wp\/v2\/users\/1"}],"replies":[{"embeddable":true,"href":"https:\/\/www.tussoundinsulation.com\/es\/wp-json\/wp\/v2\/comments?post=19"}],"version-history":[{"count":31,"href":"https:\/\/www.tussoundinsulation.com\/es\/wp-json\/wp\/v2\/pages\/19\/revisions"}],"predecessor-version":[{"id":405,"href":"https:\/\/www.tussoundinsulation.com\/es\/wp-json\/wp\/v2\/pages\/19\/revisions\/405"}],"wp:attachment":[{"href":"https:\/\/www.tussoundinsulation.com\/es\/wp-json\/wp\/v2\/media?parent=19"}],"curies":[{"name":"wp","href":"https:\/\/api.w.org\/{rel}","templated":true}]}}