{"id":14,"date":"2022-07-18T11:01:58","date_gmt":"2022-07-18T15:01:58","guid":{"rendered":"http:\/\/150.150.150.190\/?page_id=14"},"modified":"2025-04-24T14:13:21","modified_gmt":"2025-04-24T18:13:21","slug":"home","status":"publish","type":"page","link":"https:\/\/www.tussoundinsulation.com\/es\/","title":{"rendered":"Home"},"content":{"rendered":"<p><!--<strong>10119125 Tucson Airport Authority Residential Sound Insulation Program - BID DOCUMENTS<\/strong>\n\n<strong>Please click the link for more information and to fill out the form to download the bid documents for the above-referenced project. Submit questions to Tim Fenlason at tfenlason@jonespayne.com. or by phone at 831-869-8490. Bids are due 2:00 p.m. Local Tucson Time, Tuesday April 22, 2025 <span style=\"color: #800000;\"><a style=\"color: #800000;\" href=\"https:\/\/www.tussoundinsulation.com\/tus-bid-docs-request-page\/\">Request Bid Documents<\/a><\/span><\/strong>--><\/p>\n<h1><strong>Home<\/strong><\/h1>\n<p>Bienvenidos al sitio web del programa voluntario de Aislamiento Ac\u00fastico Residencial (en ingl\u00e9s: Residential Sound Insulation Program, RSIP) del Aeropuerto Internacional de Tucson (en ingl\u00e9s: Tucson International Airport, TUS).<\/p>\n<p>El RSIP del TUS es parte del programa Mejoramiento de la Seguridad en Aer\u00f3dromos (en ingl\u00e9s: Airfield Safety Enhancement, ASE). Este proyecto estimado de reconfiguraci\u00f3n de aer\u00f3dromos de $360 millones har\u00e1 que el TUS cumpla con los est\u00e1ndares actuales de la Administraci\u00f3n Federal de Aviaci\u00f3n (en ingl\u00e9s: Federal Aviation Administration, FAA) y ayudar\u00e1 a corregir puntos \"cr\u00edticos\" para los pilotos. Al determinar la viabilidad del Programa ASE, se requiri\u00f3 que la Autoridad Aeroportuaria de Tucson (en ingl\u00e9s: Tucson Airport Authority, TAA) pasara por un proceso regulado por el gobierno federal para analizar los efectos medioambientales de los cambios propuestos por el Proyecto ASE. El resultado de esto fue una Declaraci\u00f3n de Impacto Medioambiental (en ingl\u00e9s: Environmental Impact Statement, EIS) que indica que TAA tendr\u00e1 que iniciar un programa de aislamiento ac\u00fastico para mitigar el potencial de ruido de aeronaves debido a la reconstrucci\u00f3n de una nueva pista.<\/p>\n<p>Como resultado, TAA inici\u00f3 este RSIP voluntario para mitigar los efectos del ruido de aeronaves en las propiedades ubicadas alrededor del aeropuerto y antes de la reconstrucci\u00f3n y ampliaci\u00f3n de una de nuestras pistas paralelas.<\/p>\n<p>Se han identificado aproximadamente 60 unidades residenciales por encontrarse dentro del \u00e1rea de impacto propuesta. El \u00e1rea del programa est\u00e1 ubicada al norte de Elvira Road, al sur de Medina Road, al oeste de Nogales Highway, y aproximadamente a 750 pies al este de South 6th Avenue.<sup>th<\/sup> Avenue.<\/p>\n<p>El prop\u00f3sito del programa es reducir los niveles de ruido interior seg\u00fan los objetivos de reducci\u00f3n de ruido requeridos por FAA.<\/p>\n<p>El programa se limitar\u00e1 a las casas en funci\u00f3n de los siguientes criterios:<\/p>\n<ul>\n<li>Las propiedades se encuentran ubicadas dentro del \u00e1rea designada del programa determinada por FAA.<\/li>\n<li>El propietario est\u00e1 dispuesto a firmar una Servidumbre de Navegaci\u00f3n A\u00e9rea.<\/li>\n<li>La casa cumple con los c\u00f3digos locales de construcci\u00f3n.<\/li>\n<li>La casa debe haberse construido antes del 1o de octubre de 1998, a menos que la casa haya sido identificada como parte del plan de implementaci\u00f3n a largo plazo del aeropuerto para proporcionar medidas de mitigaci\u00f3n de ruido a propiedades elegibles localizadas dentro de los l\u00edmites del proyecto aprobados por FAA.<\/li>\n<\/ul>\n<p><img loading=\"lazy\" decoding=\"async\" class=\"alignnnone wp-image-198 size-full\" src=\"\/wp-content\/uploads\/2022\/08\/TUC-Project-area.png\" alt=\"TUS RSIP Program area\" width=\"1388\" height=\"766\" srcset=\"https:\/\/www.tussoundinsulation.com\/wp-content\/uploads\/2022\/08\/TUC-Project-area.png 1388w, https:\/\/www.tussoundinsulation.com\/wp-content\/uploads\/2022\/08\/TUC-Project-area-300x166.png 300w, https:\/\/www.tussoundinsulation.com\/wp-content\/uploads\/2022\/08\/TUC-Project-area-1024x565.png 1024w, https:\/\/www.tussoundinsulation.com\/wp-content\/uploads\/2022\/08\/TUC-Project-area-768x424.png 768w\" sizes=\"auto, (max-width: 1388px) 100vw, 1388px\" \/><\/p>\n<p>Si tiene preguntas, no dude en comunicarse con The Jones Payne Group al <span style=\"color: #8a2d35;\">831-869-8490<\/span><\/p>","protected":false},"excerpt":{"rendered":"<p>Home Welcome to the Tucson International Airport (TUS) Voluntary Residential Sound Insulation Program (RSIP) website. The TUS RSIP is a part of the Airfield Safety Enhancement (ASE) Program. This estimated $360-million airfield reconfiguration project will bring TUS into compliance with current Federal Aviation Administration (FAA) standards and help correct \u201chotspot\u201d issues for pilots. When determining [&hellip;]<\/p>","protected":false},"author":1,"featured_media":0,"parent":0,"menu_order":0,"comment_status":"closed","ping_status":"closed","template":"","meta":{"_monsterinsights_skip_tracking":false,"_monsterinsights_sitenote_active":false,"_monsterinsights_sitenote_note":"","_monsterinsights_sitenote_category":0,"footnotes":""},"class_list":["post-14","page","type-page","status-publish","hentry"],"yoast_head":"<!-- This site is optimized with the Yoast SEO plugin v26.9 - https:\/\/yoast.com\/product\/yoast-seo-wordpress\/ -->\n<title>Home - TUS Sound Insulation Project<\/title>\n<meta name=\"robots\" content=\"index, follow, max-snippet:-1, max-image-preview:large, max-video-preview:-1\" \/>\n<link rel=\"canonical\" href=\"https:\/\/www.tussoundinsulation.com\/es\/\" \/>\n<meta property=\"og:locale\" content=\"es_MX\" \/>\n<meta property=\"og:type\" content=\"article\" \/>\n<meta property=\"og:title\" content=\"Home - TUS Sound Insulation Project\" \/>\n<meta property=\"og:description\" content=\"Home Welcome to the Tucson International Airport (TUS) Voluntary Residential Sound Insulation Program (RSIP) website. The TUS RSIP is a part of the Airfield Safety Enhancement (ASE) Program. This estimated $360-million airfield reconfiguration project will bring TUS into compliance with current Federal Aviation Administration (FAA) standards and help correct \u201chotspot\u201d issues for pilots. When determining [&hellip;]\" \/>\n<meta property=\"og:url\" content=\"https:\/\/www.tussoundinsulation.com\/es\/\" \/>\n<meta property=\"og:site_name\" content=\"TUS Sound Insulation Project\" \/>\n<meta property=\"article:modified_time\" content=\"2025-04-24T18:13:21+00:00\" \/>\n<meta name=\"twitter:card\" content=\"summary_large_image\" \/>\n<meta name=\"twitter:label1\" content=\"Tiempo de lectura\" \/>\n\t<meta name=\"twitter:data1\" content=\"2 minutos\" \/>\n<script type=\"application\/ld+json\" class=\"yoast-schema-graph\">{\"@context\":\"https:\/\/schema.org\",\"@graph\":[{\"@type\":\"WebPage\",\"@id\":\"https:\/\/www.tussoundinsulation.com\/\",\"url\":\"https:\/\/www.tussoundinsulation.com\/\",\"name\":\"Home - TUS Sound Insulation Project\",\"isPartOf\":{\"@id\":\"http:\/\/50.200.101.204:80\/#website\"},\"datePublished\":\"2022-07-18T15:01:58+00:00\",\"dateModified\":\"2025-04-24T18:13:21+00:00\",\"breadcrumb\":{\"@id\":\"https:\/\/www.tussoundinsulation.com\/#breadcrumb\"},\"inLanguage\":\"es\",\"potentialAction\":[{\"@type\":\"ReadAction\",\"target\":[\"https:\/\/www.tussoundinsulation.com\/\"]}]},{\"@type\":\"BreadcrumbList\",\"@id\":\"https:\/\/www.tussoundinsulation.com\/#breadcrumb\",\"itemListElement\":[{\"@type\":\"ListItem\",\"position\":1,\"name\":\"Home\",\"item\":\"https:\/\/www.tussoundinsulation.com\/\"},{\"@type\":\"ListItem\",\"position\":2,\"name\":\"Home\"}]},{\"@type\":\"WebSite\",\"@id\":\"http:\/\/50.200.101.204:80\/#website\",\"url\":\"http:\/\/50.200.101.204:80\/\",\"name\":\"TUS Sound Insulation Project\",\"description\":\"\",\"publisher\":{\"@id\":\"http:\/\/50.200.101.204:80\/#organization\"},\"potentialAction\":[{\"@type\":\"SearchAction\",\"target\":{\"@type\":\"EntryPoint\",\"urlTemplate\":\"http:\/\/50.200.101.204:80\/?s={search_term_string}\"},\"query-input\":{\"@type\":\"PropertyValueSpecification\",\"valueRequired\":true,\"valueName\":\"search_term_string\"}}],\"inLanguage\":\"es\"},{\"@type\":\"Organization\",\"@id\":\"http:\/\/50.200.101.204:80\/#organization\",\"name\":\"TUS Sound Insulation Project\",\"url\":\"http:\/\/50.200.101.204:80\/\",\"logo\":{\"@type\":\"ImageObject\",\"inLanguage\":\"es\",\"@id\":\"http:\/\/50.200.101.204:80\/#\/schema\/logo\/image\/\",\"url\":\"http:\/\/150.150.150.190\/wp-content\/uploads\/2022\/07\/TAALogo.jpg\",\"contentUrl\":\"http:\/\/150.150.150.190\/wp-content\/uploads\/2022\/07\/TAALogo.jpg\",\"width\":248,\"height\":141,\"caption\":\"TUS Sound Insulation Project\"},\"image\":{\"@id\":\"http:\/\/50.200.101.204:80\/#\/schema\/logo\/image\/\"}}]}<\/script>\n<!-- \/ Yoast SEO plugin. -->","yoast_head_json":{"title":"Home - TUS Sound Insulation Project","robots":{"index":"index","follow":"follow","max-snippet":"max-snippet:-1","max-image-preview":"max-image-preview:large","max-video-preview":"max-video-preview:-1"},"canonical":"https:\/\/www.tussoundinsulation.com\/es\/","og_locale":"es_MX","og_type":"article","og_title":"Home - TUS Sound Insulation Project","og_description":"Home Welcome to the Tucson International Airport (TUS) Voluntary Residential Sound Insulation Program (RSIP) website. The TUS RSIP is a part of the Airfield Safety Enhancement (ASE) Program. This estimated $360-million airfield reconfiguration project will bring TUS into compliance with current Federal Aviation Administration (FAA) standards and help correct \u201chotspot\u201d issues for pilots. When determining [&hellip;]","og_url":"https:\/\/www.tussoundinsulation.com\/es\/","og_site_name":"TUS Sound Insulation Project","article_modified_time":"2025-04-24T18:13:21+00:00","twitter_card":"summary_large_image","twitter_misc":{"Tiempo de lectura":"2 minutos"},"schema":{"@context":"https:\/\/schema.org","@graph":[{"@type":"WebPage","@id":"https:\/\/www.tussoundinsulation.com\/","url":"https:\/\/www.tussoundinsulation.com\/","name":"Home - TUS Sound Insulation Project","isPartOf":{"@id":"http:\/\/50.200.101.204:80\/#website"},"datePublished":"2022-07-18T15:01:58+00:00","dateModified":"2025-04-24T18:13:21+00:00","breadcrumb":{"@id":"https:\/\/www.tussoundinsulation.com\/#breadcrumb"},"inLanguage":"es","potentialAction":[{"@type":"ReadAction","target":["https:\/\/www.tussoundinsulation.com\/"]}]},{"@type":"BreadcrumbList","@id":"https:\/\/www.tussoundinsulation.com\/#breadcrumb","itemListElement":[{"@type":"ListItem","position":1,"name":"Home","item":"https:\/\/www.tussoundinsulation.com\/"},{"@type":"ListItem","position":2,"name":"Home"}]},{"@type":"WebSite","@id":"http:\/\/50.200.101.204:80\/#website","url":"http:\/\/50.200.101.204:80\/","name":"TUS Sound Insulation Project","description":"","publisher":{"@id":"http:\/\/50.200.101.204:80\/#organization"},"potentialAction":[{"@type":"SearchAction","target":{"@type":"EntryPoint","urlTemplate":"http:\/\/50.200.101.204:80\/?s={search_term_string}"},"query-input":{"@type":"PropertyValueSpecification","valueRequired":true,"valueName":"search_term_string"}}],"inLanguage":"es"},{"@type":"Organization","@id":"http:\/\/50.200.101.204:80\/#organization","name":"TUS Sound Insulation Project","url":"http:\/\/50.200.101.204:80\/","logo":{"@type":"ImageObject","inLanguage":"es","@id":"http:\/\/50.200.101.204:80\/#\/schema\/logo\/image\/","url":"http:\/\/150.150.150.190\/wp-content\/uploads\/2022\/07\/TAALogo.jpg","contentUrl":"http:\/\/150.150.150.190\/wp-content\/uploads\/2022\/07\/TAALogo.jpg","width":248,"height":141,"caption":"TUS Sound Insulation Project"},"image":{"@id":"http:\/\/50.200.101.204:80\/#\/schema\/logo\/image\/"}}]}},"_links":{"self":[{"href":"https:\/\/www.tussoundinsulation.com\/es\/wp-json\/wp\/v2\/pages\/14","targetHints":{"allow":["GET"]}}],"collection":[{"href":"https:\/\/www.tussoundinsulation.com\/es\/wp-json\/wp\/v2\/pages"}],"about":[{"href":"https:\/\/www.tussoundinsulation.com\/es\/wp-json\/wp\/v2\/types\/page"}],"author":[{"embeddable":true,"href":"https:\/\/www.tussoundinsulation.com\/es\/wp-json\/wp\/v2\/users\/1"}],"replies":[{"embeddable":true,"href":"https:\/\/www.tussoundinsulation.com\/es\/wp-json\/wp\/v2\/comments?post=14"}],"version-history":[{"count":54,"href":"https:\/\/www.tussoundinsulation.com\/es\/wp-json\/wp\/v2\/pages\/14\/revisions"}],"predecessor-version":[{"id":710,"href":"https:\/\/www.tussoundinsulation.com\/es\/wp-json\/wp\/v2\/pages\/14\/revisions\/710"}],"wp:attachment":[{"href":"https:\/\/www.tussoundinsulation.com\/es\/wp-json\/wp\/v2\/media?parent=14"}],"curies":[{"name":"wp","href":"https:\/\/api.w.org\/{rel}","templated":true}]}}