{"id":103,"date":"2022-07-19T10:35:04","date_gmt":"2022-07-19T14:35:04","guid":{"rendered":"http:\/\/50.200.101.204\/?page_id=103"},"modified":"2022-09-12T14:49:27","modified_gmt":"2022-09-12T18:49:27","slug":"frequently-asked-questions","status":"publish","type":"page","link":"https:\/\/www.tussoundinsulation.com\/es\/frequently-asked-questions\/","title":{"rendered":"Preguntas Frecuentes"},"content":{"rendered":"<h1><strong>Preguntas Frecuentes<\/strong><\/h1>\n<p>&nbsp;<\/p>\n<p><strong>P. \u00bfQui\u00e9n decide qu\u00e9 trabajo se har\u00e1 en mi casa?<\/strong><br \/>\nR. Los tratamientos ac\u00fasticos son determinados por el Equipo del Programa que eval\u00faa las necesidades de cada casa individualmente. Estos tratamientos se verificar\u00e1n con el personal de la Autoridad Aeroportuaria de Tucson (TAA), la Administraci\u00f3n Federal de Aviaci\u00f3n (FAA) y el Departamento de Transporte de Arizona (en ingl\u00e9s: Arizona Department of Transportation, ADOT) para garantizar su consistencia con las pautas de reembolso. Los tratamientos propuestos luego se verificar\u00e1n con cada propietario antes de preparar los documentos de licitaci\u00f3n para la construcci\u00f3n.<\/p>\n<p><strong>P. \u00bfQu\u00e9 pasa si quiero hacer otras reparaciones?<\/strong><br \/>\nR. Los propietarios pueden no realizar reparaci\u00f3n o remodelaci\u00f3n alguna mientras la casa est\u00e9 en la fase de la construcci\u00f3n del Programa de Aislamiento Ac\u00fastico Residencial (RSIP). Los mejoramientos no directamente relacionados con la reducci\u00f3n de ruido est\u00e1n fuera del alcance del programa y el programa NO los cubre y pueden NO ocurrir desde el momento en que empieza la construcci\u00f3n del RSIP en su casa hasta que finalice oficialmente.<\/p>\n<p><strong>P. \u00bfCu\u00e1nto tiempo tomar\u00e1 la construcci\u00f3n?<\/strong><br \/>\nR. Los propietarios y\/o arrendadores deben estar presentes durante 10 d\u00edas laborales (excluyendo fines de semana y d\u00edas festivos) una vez que empiece la construcci\u00f3n. La mayor\u00eda de las casas se finalizan sustancialmente dentro de este per\u00edodo de tiempo. La finalizaci\u00f3n sustancial se logra cuando se instalan todos los productos requeridos en el \u00e1mbito de trabajo, pero no incluye el tiempo de la \"lista de trabajos pendientes\" (revisi\u00f3n de la construcci\u00f3n, inspecci\u00f3n y modificaciones de seguimiento). Los trabajos que deban completarse despu\u00e9s del per\u00edodo inicial de 10 d\u00edas laborales ser\u00e1n programados con el propietario. De principio a fin, generalmente se requiere de 30 a 40 d\u00edas para terminar todo el trabajo.<\/p>\n<p><strong>P. \u00bfHay alg\u00fan costo para m\u00ed?<\/strong><br \/>\nR. FAA y TAA pagan los costos b\u00e1sicos de mano de obra y materiales para instalar los tratamientos de aislamiento ac\u00fastico. El costo t\u00edpico del propietario ser\u00eda ajustar o reemplazar decoraciones de ventanas (persianas, cortinas,  etc.), almacenar materiales eliminados de la casa o preparar la casa para instalar los tratamientos, si es necesario.<\/p>\n<p><strong>P. \u00bfQui\u00e9n hace el trabajo?<\/strong><br \/>\nR. El trabajo es licitado por TAA a contratistas generales asegurados, autorizados y afianzados. Los contratistas licitan el trabajo y el contratista con la licitaci\u00f3n m\u00e1s baja e id\u00f3nea es adjudicado con el trabajo.<\/p>\n<p><strong>P. Recientemente instal\u00e9 nuevas ventanas y puertas. \u00bfRecibir\u00e9 el reembolso por estos mejoramientos?<\/strong><br \/>\nR. No. Seg\u00fan las pautas federales, los mejoramientos completados por el propietario no son elegibles para el reembolso.<\/p>\n<p><strong>P. \u00bfSe proporcionar\u00e1 aire acondicionado?<\/strong><br \/>\nR. Cada casa ser\u00e1 evaluada para determinar los tratamientos necesarios. Se instalar\u00eda un sistema de aire acondicionado si su casa a\u00fan no tiene uno.<\/p>\n<p><strong>P. \u00bfPuedo conservar mis ventanas y puertas viejas?<\/strong><br \/>\nR. No. Sus ventanas y puertas viejas pasar\u00e1n a ser propiedad del contratista.<\/p>\n<p><strong>P. \u00bfNecesito estar en casa durante el proceso de la construcci\u00f3n?<\/strong><br \/>\nR. S\u00ed, usted o un representante designado mayor de 18 a\u00f1os de edad debe estar presente durante el proceso de la construcci\u00f3n. Tenga en mente que el contratista pudiese estar en su casa todo el d\u00eda durante los primeros 10 d\u00edas. Despu\u00e9s de que haya llegado a una finalizaci\u00f3n sustancial, el contratista programar\u00e1 citas con usted para terminar los elementos de la lista de Trabajos Pendientes o programar una inspecci\u00f3n del permiso.<\/p>","protected":false},"excerpt":{"rendered":"<p>Frequently Asked Questions &nbsp; Q. Who decides what work will be done in my home? A. Acoustical treatments are determined by the Program Team which evaluates the needs of each home individually. These treatments will be reviewed with Tucson Airport Authority (TAA) staff, the Federal Aviation Administration (FAA), and the Arizona Department of Transportation (ADOT) [&hellip;]<\/p>","protected":false},"author":1,"featured_media":0,"parent":0,"menu_order":0,"comment_status":"closed","ping_status":"closed","template":"","meta":{"_monsterinsights_skip_tracking":false,"_monsterinsights_sitenote_active":false,"_monsterinsights_sitenote_note":"","_monsterinsights_sitenote_category":0,"footnotes":""},"class_list":["post-103","page","type-page","status-publish","hentry"],"yoast_head":"<!-- This site is optimized with the Yoast SEO plugin v26.9 - https:\/\/yoast.com\/product\/yoast-seo-wordpress\/ -->\n<title>Frequently Asked Questions - TUS Sound Insulation Project<\/title>\n<meta name=\"robots\" content=\"index, follow, max-snippet:-1, max-image-preview:large, max-video-preview:-1\" \/>\n<link rel=\"canonical\" href=\"https:\/\/tussoundinsulation.com\/frequently-asked-questions\/\" \/>\n<meta property=\"og:locale\" content=\"es_MX\" \/>\n<meta property=\"og:type\" content=\"article\" \/>\n<meta property=\"og:title\" content=\"Frequently Asked Questions - TUS Sound Insulation Project\" \/>\n<meta property=\"og:description\" content=\"Frequently Asked Questions &nbsp; Q. Who decides what work will be done in my home? A. Acoustical treatments are determined by the Program Team which evaluates the needs of each home individually. These treatments will be reviewed with Tucson Airport Authority (TAA) staff, the Federal Aviation Administration (FAA), and the Arizona Department of Transportation (ADOT) [&hellip;]\" \/>\n<meta property=\"og:url\" content=\"https:\/\/tussoundinsulation.com\/frequently-asked-questions\/\" \/>\n<meta property=\"og:site_name\" content=\"TUS Sound Insulation Project\" \/>\n<meta property=\"article:modified_time\" content=\"2022-09-12T18:49:27+00:00\" \/>\n<meta name=\"twitter:card\" content=\"summary_large_image\" \/>\n<meta name=\"twitter:label1\" content=\"Tiempo de lectura\" \/>\n\t<meta name=\"twitter:data1\" content=\"3 minutos\" \/>\n<script type=\"application\/ld+json\" class=\"yoast-schema-graph\">{\"@context\":\"https:\/\/schema.org\",\"@graph\":[{\"@type\":\"WebPage\",\"@id\":\"https:\/\/tussoundinsulation.com\/frequently-asked-questions\/\",\"url\":\"https:\/\/tussoundinsulation.com\/frequently-asked-questions\/\",\"name\":\"Frequently Asked Questions - TUS Sound Insulation Project\",\"isPartOf\":{\"@id\":\"http:\/\/50.200.101.204:80\/#website\"},\"datePublished\":\"2022-07-19T14:35:04+00:00\",\"dateModified\":\"2022-09-12T18:49:27+00:00\",\"breadcrumb\":{\"@id\":\"https:\/\/tussoundinsulation.com\/frequently-asked-questions\/#breadcrumb\"},\"inLanguage\":\"es\",\"potentialAction\":[{\"@type\":\"ReadAction\",\"target\":[\"https:\/\/tussoundinsulation.com\/frequently-asked-questions\/\"]}]},{\"@type\":\"BreadcrumbList\",\"@id\":\"https:\/\/tussoundinsulation.com\/frequently-asked-questions\/#breadcrumb\",\"itemListElement\":[{\"@type\":\"ListItem\",\"position\":1,\"name\":\"Home\",\"item\":\"https:\/\/www.tussoundinsulation.com\/\"},{\"@type\":\"ListItem\",\"position\":2,\"name\":\"Frequently Asked Questions\"}]},{\"@type\":\"WebSite\",\"@id\":\"http:\/\/50.200.101.204:80\/#website\",\"url\":\"http:\/\/50.200.101.204:80\/\",\"name\":\"TUS Sound Insulation Project\",\"description\":\"\",\"publisher\":{\"@id\":\"http:\/\/50.200.101.204:80\/#organization\"},\"potentialAction\":[{\"@type\":\"SearchAction\",\"target\":{\"@type\":\"EntryPoint\",\"urlTemplate\":\"http:\/\/50.200.101.204:80\/?s={search_term_string}\"},\"query-input\":{\"@type\":\"PropertyValueSpecification\",\"valueRequired\":true,\"valueName\":\"search_term_string\"}}],\"inLanguage\":\"es\"},{\"@type\":\"Organization\",\"@id\":\"http:\/\/50.200.101.204:80\/#organization\",\"name\":\"TUS Sound Insulation Project\",\"url\":\"http:\/\/50.200.101.204:80\/\",\"logo\":{\"@type\":\"ImageObject\",\"inLanguage\":\"es\",\"@id\":\"http:\/\/50.200.101.204:80\/#\/schema\/logo\/image\/\",\"url\":\"http:\/\/150.150.150.190\/wp-content\/uploads\/2022\/07\/TAALogo.jpg\",\"contentUrl\":\"http:\/\/150.150.150.190\/wp-content\/uploads\/2022\/07\/TAALogo.jpg\",\"width\":248,\"height\":141,\"caption\":\"TUS Sound Insulation Project\"},\"image\":{\"@id\":\"http:\/\/50.200.101.204:80\/#\/schema\/logo\/image\/\"}}]}<\/script>\n<!-- \/ Yoast SEO plugin. -->","yoast_head_json":{"title":"Frequently Asked Questions - TUS Sound Insulation Project","robots":{"index":"index","follow":"follow","max-snippet":"max-snippet:-1","max-image-preview":"max-image-preview:large","max-video-preview":"max-video-preview:-1"},"canonical":"https:\/\/tussoundinsulation.com\/frequently-asked-questions\/","og_locale":"es_MX","og_type":"article","og_title":"Frequently Asked Questions - TUS Sound Insulation Project","og_description":"Frequently Asked Questions &nbsp; Q. Who decides what work will be done in my home? A. Acoustical treatments are determined by the Program Team which evaluates the needs of each home individually. These treatments will be reviewed with Tucson Airport Authority (TAA) staff, the Federal Aviation Administration (FAA), and the Arizona Department of Transportation (ADOT) [&hellip;]","og_url":"https:\/\/tussoundinsulation.com\/frequently-asked-questions\/","og_site_name":"TUS Sound Insulation Project","article_modified_time":"2022-09-12T18:49:27+00:00","twitter_card":"summary_large_image","twitter_misc":{"Tiempo de lectura":"3 minutos"},"schema":{"@context":"https:\/\/schema.org","@graph":[{"@type":"WebPage","@id":"https:\/\/tussoundinsulation.com\/frequently-asked-questions\/","url":"https:\/\/tussoundinsulation.com\/frequently-asked-questions\/","name":"Frequently Asked Questions - TUS Sound Insulation Project","isPartOf":{"@id":"http:\/\/50.200.101.204:80\/#website"},"datePublished":"2022-07-19T14:35:04+00:00","dateModified":"2022-09-12T18:49:27+00:00","breadcrumb":{"@id":"https:\/\/tussoundinsulation.com\/frequently-asked-questions\/#breadcrumb"},"inLanguage":"es","potentialAction":[{"@type":"ReadAction","target":["https:\/\/tussoundinsulation.com\/frequently-asked-questions\/"]}]},{"@type":"BreadcrumbList","@id":"https:\/\/tussoundinsulation.com\/frequently-asked-questions\/#breadcrumb","itemListElement":[{"@type":"ListItem","position":1,"name":"Home","item":"https:\/\/www.tussoundinsulation.com\/"},{"@type":"ListItem","position":2,"name":"Frequently Asked Questions"}]},{"@type":"WebSite","@id":"http:\/\/50.200.101.204:80\/#website","url":"http:\/\/50.200.101.204:80\/","name":"TUS Sound Insulation Project","description":"","publisher":{"@id":"http:\/\/50.200.101.204:80\/#organization"},"potentialAction":[{"@type":"SearchAction","target":{"@type":"EntryPoint","urlTemplate":"http:\/\/50.200.101.204:80\/?s={search_term_string}"},"query-input":{"@type":"PropertyValueSpecification","valueRequired":true,"valueName":"search_term_string"}}],"inLanguage":"es"},{"@type":"Organization","@id":"http:\/\/50.200.101.204:80\/#organization","name":"TUS Sound Insulation Project","url":"http:\/\/50.200.101.204:80\/","logo":{"@type":"ImageObject","inLanguage":"es","@id":"http:\/\/50.200.101.204:80\/#\/schema\/logo\/image\/","url":"http:\/\/150.150.150.190\/wp-content\/uploads\/2022\/07\/TAALogo.jpg","contentUrl":"http:\/\/150.150.150.190\/wp-content\/uploads\/2022\/07\/TAALogo.jpg","width":248,"height":141,"caption":"TUS Sound Insulation Project"},"image":{"@id":"http:\/\/50.200.101.204:80\/#\/schema\/logo\/image\/"}}]}},"_links":{"self":[{"href":"https:\/\/www.tussoundinsulation.com\/es\/wp-json\/wp\/v2\/pages\/103","targetHints":{"allow":["GET"]}}],"collection":[{"href":"https:\/\/www.tussoundinsulation.com\/es\/wp-json\/wp\/v2\/pages"}],"about":[{"href":"https:\/\/www.tussoundinsulation.com\/es\/wp-json\/wp\/v2\/types\/page"}],"author":[{"embeddable":true,"href":"https:\/\/www.tussoundinsulation.com\/es\/wp-json\/wp\/v2\/users\/1"}],"replies":[{"embeddable":true,"href":"https:\/\/www.tussoundinsulation.com\/es\/wp-json\/wp\/v2\/comments?post=103"}],"version-history":[{"count":8,"href":"https:\/\/www.tussoundinsulation.com\/es\/wp-json\/wp\/v2\/pages\/103\/revisions"}],"predecessor-version":[{"id":289,"href":"https:\/\/www.tussoundinsulation.com\/es\/wp-json\/wp\/v2\/pages\/103\/revisions\/289"}],"wp:attachment":[{"href":"https:\/\/www.tussoundinsulation.com\/es\/wp-json\/wp\/v2\/media?parent=103"}],"curies":[{"name":"wp","href":"https:\/\/api.w.org\/{rel}","templated":true}]}}